{"id":10,"date":"2024-10-17T02:08:42","date_gmt":"2024-10-17T02:08:42","guid":{"rendered":"https:\/\/sscad2025.ufms.br\/?page_id=10"},"modified":"2025-10-15T17:20:36","modified_gmt":"2025-10-15T17:20:36","slug":"local","status":"publish","type":"page","link":"https:\/\/sscad2025.ufms.br\/?page_id=10","title":{"rendered":"Local"},"content":{"rendered":"\n<h4 class=\"wp-block-heading\">Bonito<\/h4>\n\n\n\n<p>Bonito fica a 290 km de Campo Grande, capital do estado do Mato Grosso do Sul. Cidade tur\u00edstica tranquila e acolhedora, Bonito \u00e9 conhecida mundialmente por suas belezas naturais, oferecendo atividades de ecoturismo e turismo de aventura. Est\u00e1 localizada na regi\u00e3o da Serra da Bodoquena, que possui a maior extens\u00e3o de florestas do estado do Mato Grosso do Sul.<\/p>\n\n\n\n<p>Bonito \u00e9 um dos destinos mais procurados do estado do Mato Grosso do Sul devido \u00e0 sua exuberante beleza natural e, para visitar seus atrativos tur\u00edsticos, \u00e9 necess\u00e1rio fazer reservas, pois os passeios t\u00eam n\u00famero limitado de visitas di\u00e1rias.<\/p>\n\n\n\n<figure class=\"wp-block-embed is-type-video is-provider-youtube wp-block-embed-youtube wp-embed-aspect-16-9 wp-has-aspect-ratio\"><div class=\"wp-block-embed__wrapper\">\n<iframe title=\"Bonito a Capital do Ecoturismo MS\/ Conhecendo Bonito MS\/ Top 5 de pontos Tur\u00edsticos!\" width=\"640\" height=\"360\" src=\"https:\/\/www.youtube.com\/embed\/oB52k5RTEVI?feature=oembed\" frameborder=\"0\" allow=\"accelerometer; autoplay; clipboard-write; encrypted-media; gyroscope; picture-in-picture; web-share\" referrerpolicy=\"strict-origin-when-cross-origin\" allowfullscreen><\/iframe>\n<\/div><figcaption class=\"wp-element-caption\"><sup data-fn=\"a6c4f267-e4cb-408d-b321-80047eaed557\" class=\"fn\"><a href=\"#a6c4f267-e4cb-408d-b321-80047eaed557\" id=\"a6c4f267-e4cb-408d-b321-80047eaed557-link\">1<\/a><\/sup><\/figcaption><\/figure>\n\n\n\n<p>O simp\u00f3sio ser\u00e1 realizado no <a href=\"https:\/\/zagaia.com.br\/\" data-type=\"link\" data-id=\"https:\/\/www.wetigahotel.com.br\/\">Zagaia Eco Resort<\/a> que est\u00e1 na Rodovia Bonito Tr\u00eas Morros \u2013 Km Zero, a 5 minutos do centro de Bonito.<\/p>\n\n\n\n<p>Assim que cruzar o portal do Zagaia voc\u00ea sentir\u00e1 a energia vibrante da natureza de Bonito: 600.000m\u00b2 de \u00e1rea plana, com o contorno da Serra da Bodoquena ao fundo, uma vis\u00e3o magn\u00edfica.<\/p>\n\n\n\n<p>Tudo isso ser\u00e1 seu enquanto estiver no resort, para curtir de muitas maneiras diferentes, divertidas, saborosas e surpreendentes.<\/p>\n\n\n\n<div class=\"wp-block-carousel-slider-slider\"><div class=\"carousel-slider-outer carousel-slider-outer-image-carousel carousel-slider-outer-202\" style=\"--carousel-slider-nav-color:#f1f1f1;--carousel-slider-active-nav-color:#00d1b2;--carousel-slider-arrow-size:48px;--carousel-slider-bullet-size:10px\">\n<div id=\"&#039;id-202\" class=\"carousel-slider carousel-slider-202 arrows-visibility-hover dots-visibility-hover arrows-inside dots-center dots-circle owl-carousel\" data-slide-type=\"image-carousel\" data-owl-settings='{\"nav\":true,\"dots\":true,\"slideBy\":1,\"stagePadding\":0,\"margin\":10,\"loop\":true,\"lazyLoad\":false,\"autoplay\":true,\"autoplayTimeout\":5000,\"autoplaySpeed\":500,\"autoplayHoverPause\":true,\"autoWidth\":false,\"responsive\":{\"300\":{\"items\":1},\"576\":{\"items\":2},\"768\":{\"items\":2},\"1024\":{\"items\":3},\"1280\":{\"items\":4},\"1536\":{\"items\":5}}}'>\n<div class=\"carousel-slider__item\">\n\t<img fetchpriority=\"high\" decoding=\"async\" width=\"640\" height=\"427\" src=\"https:\/\/sscad2025.ufms.br\/wp-content\/uploads\/2025\/02\/Kadiweu-escolar.jpg\" class=\"attachment-medium_large size-medium_large\" alt=\"\" srcset=\"https:\/\/sscad2025.ufms.br\/wp-content\/uploads\/2025\/02\/Kadiweu-escolar.jpg 750w, https:\/\/sscad2025.ufms.br\/wp-content\/uploads\/2025\/02\/Kadiweu-escolar-300x200.jpg 300w, https:\/\/sscad2025.ufms.br\/wp-content\/uploads\/2025\/02\/Kadiweu-escolar-600x400.jpg 600w\" sizes=\"(max-width: 640px) 100vw, 640px\" \/><\/a><\/div>\n\n<div class=\"carousel-slider__item\">\n\t<img decoding=\"async\" width=\"640\" height=\"427\" src=\"https:\/\/sscad2025.ufms.br\/wp-content\/uploads\/2025\/02\/eventos_bloco2_foto1_karuha.jpg\" class=\"attachment-medium_large size-medium_large\" alt=\"\" srcset=\"https:\/\/sscad2025.ufms.br\/wp-content\/uploads\/2025\/02\/eventos_bloco2_foto1_karuha.jpg 750w, https:\/\/sscad2025.ufms.br\/wp-content\/uploads\/2025\/02\/eventos_bloco2_foto1_karuha-300x200.jpg 300w, https:\/\/sscad2025.ufms.br\/wp-content\/uploads\/2025\/02\/eventos_bloco2_foto1_karuha-600x400.jpg 600w\" sizes=\"(max-width: 640px) 100vw, 640px\" \/><\/a><\/div>\n\n<div class=\"carousel-slider__item\">\n\t<img decoding=\"async\" width=\"640\" height=\"434\" src=\"https:\/\/sscad2025.ufms.br\/wp-content\/uploads\/2025\/02\/Zagaia-quadras-iluminadas-768x521.png\" class=\"attachment-medium_large size-medium_large\" alt=\"\" srcset=\"https:\/\/sscad2025.ufms.br\/wp-content\/uploads\/2025\/02\/Zagaia-quadras-iluminadas-768x521.png 768w, https:\/\/sscad2025.ufms.br\/wp-content\/uploads\/2025\/02\/Zagaia-quadras-iluminadas-300x204.png 300w, https:\/\/sscad2025.ufms.br\/wp-content\/uploads\/2025\/02\/Zagaia-quadras-iluminadas-1024x695.png 1024w, https:\/\/sscad2025.ufms.br\/wp-content\/uploads\/2025\/02\/Zagaia-quadras-iluminadas.png 1084w\" sizes=\"(max-width: 640px) 100vw, 640px\" \/><\/a><\/div>\n\n<div class=\"carousel-slider__item\">\n\t<img loading=\"lazy\" decoding=\"async\" width=\"640\" height=\"427\" src=\"https:\/\/sscad2025.ufms.br\/wp-content\/uploads\/2025\/02\/karuha-escolar.jpg\" class=\"attachment-medium_large size-medium_large\" alt=\"\" srcset=\"https:\/\/sscad2025.ufms.br\/wp-content\/uploads\/2025\/02\/karuha-escolar.jpg 750w, https:\/\/sscad2025.ufms.br\/wp-content\/uploads\/2025\/02\/karuha-escolar-300x200.jpg 300w, https:\/\/sscad2025.ufms.br\/wp-content\/uploads\/2025\/02\/karuha-escolar-600x400.jpg 600w\" sizes=\"(max-width: 640px) 100vw, 640px\" \/><\/a><\/div>\n\n<\/div><!-- .carousel-slider-202 -->\n<\/div><!-- .carousel-slider-outer-202 -->\n<\/div>\n\n\n\n<hr class=\"wp-block-separator has-alpha-channel-opacity\"\/>\n\n\n\n<p>Informa\u00e7\u00f5es sobre reservas no hotel Zagaia ou outras op\u00e7\u00f5es de hospedagem podem ser encontradas em <a href=\"https:\/\/sscad2025.ufms.br\/?page_id=340\" data-type=\"page\" data-id=\"340\">Hospedagem<\/a>.<\/p>\n\n\n\n<hr class=\"wp-block-separator has-alpha-channel-opacity\"\/>\n\n\n\n<p class=\"has-black-color has-text-color has-link-color has-x-large-font-size wp-elements-4799dfd57fd57ddaa8ce020ea834f0bb\"><strong>Travel Info<\/strong><\/p>\n\n\n\n<p>Visitar Bonito, no Mato Grosso do Sul, \u00e9 sem d\u00favida uma experi\u00eancia transformadora, devido \u00e0s suas belezas naturais \u00fanicas, como rios cristalinos, cachoeiras e grutas, ideais para ecoturismo e aventuras. A regi\u00e3o oferece atividades como flutua\u00e7\u00e3o, mergulho e trilhas, tudo em um ambiente preservado. Al\u00e9m disso, o acesso f\u00e1cil por voos diretos de cidades como Campinas facilita a viagem.<\/p>\n\n\n\n<p>Bonito\/MS possui o Aeroporto Regional de Bonito (BYO), localizado na Rodovia Estadual MS 178, a 13 km do centro da cidade. Outra op\u00e7\u00e3o \u00e9 a chegada no Aeroporto Internacional de Campo Grande\/MS, que fica a aproximadamente 300 km da cidade de Bonito. A Rodovi\u00e1ria de Campo Grande, possui \u00f4nibus que v\u00e3o at\u00e9 Bonito, com dura\u00e7\u00e3o m\u00e9dia de 5 horas. H\u00e1 servi\u00e7os de transportes coletivos e uma boa alternativa \u00e9 o aluguel de carros, para quem busca autonomia para deslocamento.<\/p>\n\n\n\n<p>Para chegar a Bonito saindo de Campo Grande, as estradas s\u00e3o a BR-060 ou a BR-262.<\/p>\n\n\n<div class=\"wp-block-image\">\n<figure class=\"aligncenter size-full\"><img loading=\"lazy\" decoding=\"async\" width=\"709\" height=\"436\" src=\"https:\/\/sscad2025.ufms.br\/wp-content\/uploads\/2025\/03\/image.png\" alt=\"\" class=\"wp-image-117\" srcset=\"https:\/\/sscad2025.ufms.br\/wp-content\/uploads\/2025\/03\/image.png 709w, https:\/\/sscad2025.ufms.br\/wp-content\/uploads\/2025\/03\/image-300x184.png 300w\" sizes=\"(max-width: 709px) 100vw, 709px\" \/><\/figure>\n<\/div>\n\n\n<p class=\"has-vivid-red-color has-text-color has-link-color has-large-font-size wp-elements-b324b18bcab504a1731bc8ca8f6c1c25\"><strong>Ag\u00eancia de Viagens:<\/strong><\/p>\n\n\n\n<p id=\"tw-target-text\">A AG\u00caNCIA H2O ECOTURISMO E EVENTOS \u00e9 a ag\u00eancia oficial do SSCAD 2025. A H2O \u00e9 uma ag\u00eancia especialista na regi\u00e3o de Bonito e Pantanal localizada no centro da cidade de Bonito e que oferece o melhor valor em hospedagem, transporte a\u00e9reo e terrestre e passeios em Bonito e regi\u00e3o.<\/p>\n\n\n\n<p>Todos os participantes do evento t\u00eam um desconto especial. Para mais informa\u00e7\u00f5es, entre em contato:<\/p>\n\n\n\n<p>H2O Agency<br>Milena: +55 67 9129-7775<br>Iza: +55 67 99258-0052    <\/p>\n\n\n\n<p>E-mail: reservas@h2oecoturismo.com.br <\/p>\n\n\n\n<p>Site:<a href=\"https:\/\/www.h2oecoturismo.com.br\" target=\"_blank\" rel=\"noreferrer noopener\"> https:\/\/www.h2oecoturismo.com.br<\/a><\/p>\n\n\n\n<p><\/p>\n\n\n\n<p class=\"has-vivid-red-color has-text-color has-link-color has-large-font-size wp-elements-d419aa1bbbb0cda6beaeacbeb2fbf212\"><strong>Aeroporto: <\/strong><\/p>\n\n\n\n<p>Apesar de compacto, o Aeroporto Regional de Bonito (BYO) \u00e9 capaz de receber aeronaves de grande porte ao longo de sua pista de 2.000 metros de comprimento, al\u00e9m de possuir lanchonete, stands de locadoras de carros e Wi-Fi. <\/p>\n\n\n<div class=\"wp-block-image\">\n<figure class=\"aligncenter size-full\"><img loading=\"lazy\" decoding=\"async\" width=\"623\" height=\"398\" src=\"https:\/\/sscad2025.ufms.br\/wp-content\/uploads\/2025\/03\/aeroporto_Bonito.jpg\" alt=\"Aeroporto Reginal de Bonito (BYO)\" class=\"wp-image-116\" srcset=\"https:\/\/sscad2025.ufms.br\/wp-content\/uploads\/2025\/03\/aeroporto_Bonito.jpg 623w, https:\/\/sscad2025.ufms.br\/wp-content\/uploads\/2025\/03\/aeroporto_Bonito-300x192.jpg 300w\" sizes=\"(max-width: 623px) 100vw, 623px\" \/><\/figure>\n<\/div>\n\n\n<p><strong>Voos para Bonito\/MS (BYO)<\/strong><br>Abaixo est\u00e3o as op\u00e7\u00f5es de voos saindo dos principais aeroportos de S\u00e3o Paulo:<\/p>\n\n\n\n<p><strong>Aeroporto de Guarulhos (GRU):<\/strong> A LATAM oferece voos \u00e0s quartas-feiras e s\u00e1bados.<br><strong>Aeroporto de Congonhas (CGH):<\/strong> A GOL tem voos dispon\u00edveis \u00e0s ter\u00e7as-feiras e s\u00e1bados.<br><strong>Aeroporto de Viracopos (VCP):<\/strong> A Azul opera voos \u00e0s ter\u00e7as-feiras e s\u00e1bados.<\/p>\n\n\n\n<p>Recomendamos verificar os hor\u00e1rios e a disponibilidade diretamente com as companhias a\u00e9reas, pois as informa\u00e7\u00f5es podem sofrer altera\u00e7\u00f5es.<\/p>\n\n\n\n<p>N\u00e3o h\u00e1 voos comerciais entre o Aeroporto Internacional de Campo Grande (CGR) e o Aeroporto de Bonito. Contudo, as op\u00e7\u00f5es de transporte terrestre s\u00e3o variadas e atendem \u00e0s necessidades dos turistas que desejam visitar essa regi\u00e3o conhecida por suas belezas naturais e atividades de ecoturismo.<\/p>\n\n\n\n<p>Do Aeroporto (BYO) para a cidade de Bonito, h\u00e1 servi\u00e7os de t\u00e1xi (R$ 30 a R$ 50), aplicativos de transporte e transfer privado (R$ 50 a R$ 100 por pessoa).<\/p>\n\n\n\n<p class=\"has-vivid-red-color has-text-color has-link-color has-large-font-size wp-elements-d7c0f82501fa04039d0f2df7e7c36a19\"><strong>Rodovi\u00e1ria:<\/strong><\/p>\n\n\n\n<p>Para quem deseja viajar de \u00f4nibus de Campo Grande (MS) para Bonito (MS), a principal empresa que opera essa rota \u00e9 a <a href=\"https:\/\/cruzeirodosultransportes.com.br\/\" target=\"_blank\" rel=\"noreferrer noopener\">Via\u00e7\u00e3o Cruzeiro do Sul<\/a>. Os \u00f4nibus partem da Rodovi\u00e1ria de Campo Grande, localizada na Av. Gury Marques, 1.211 &#8211; Vila Albuquerque, com desembarque na Rodovi\u00e1ria de Bonito, situada na Rua Coronel Pilad Rebu\u00e1, 1.780 &#8211; Centro.<\/p>\n\n\n\n<p>Os hor\u00e1rios dispon\u00edveis para essa viagem s\u00e3o \u00e0s <strong>8h00<\/strong>, com chegada prevista \u00e0s 12h50, \u00e0s <strong>14h00<\/strong>, com chegada \u00e0s 18h50, e \u00e0s <strong>17h00<\/strong>, chegando em Bonito \u00e0s 21h30. A dura\u00e7\u00e3o m\u00e9dia do trajeto \u00e9 de aproximadamente 5 horas, dependendo do hor\u00e1rio escolhido e das condi\u00e7\u00f5es da estrada.<\/p>\n\n\n\n<p>O valor da passagem pode variar entre R$ 95 e R$ 130.<\/p>\n\n\n\n<p class=\"has-vivid-red-color has-text-color has-link-color has-large-font-size wp-elements-073b008e1ce11a71462f48d84f8f8e46\"><strong>Transfer:<\/strong><\/p>\n\n\n\n<p>H\u00e1 op\u00e7\u00f5es de transfer de Campo Grande (MS) para Bonito (MS), oferecidas por empresas especializadas, como uma alternativa pr\u00e1tica e confort\u00e1vel ao \u00f4nibus ou carro alugado. Esses servi\u00e7os geralmente operam com vans ou micro-\u00f4nibus e podem ser compartilhados ou privativos, saindo do Aeroporto Internacional de Campo Grande (CGR) ou de pontos no centro da cidade, como hot\u00e9is.<\/p>\n\n\n\n<p>Os hor\u00e1rios de sa\u00edda, s\u00e3o alinhados aos hor\u00e1rios de chegada dos voos, com dura\u00e7\u00e3o de viagem de 4h a 5h. <\/p>\n\n\n\n<p>O transfer \u00e9 uma op\u00e7\u00e3o amplamente utilizada por turistas, destacada por sua praticidade e custo-benef\u00edcio. <\/p>\n\n\n\n<hr class=\"wp-block-separator has-alpha-channel-opacity\"\/>\n\n\n<ol class=\"wp-block-footnotes\"><li id=\"a6c4f267-e4cb-408d-b321-80047eaed557\"><a href=\"https:\/\/www.youtube.com\/@Guiaturisticopiracity\">Guia Tur\u00edstico Piracity!<\/a><a href=\"https:\/\/www.youtube.com\/watch?v=oB52k5RTEVI\"> (https:\/\/www.youtube.com\/watch?v=oB52k5RTEVI<\/a>) <a href=\"#a6c4f267-e4cb-408d-b321-80047eaed557-link\" aria-label=\"Ir para a refer\u00eancia 1 na nota de rodap\u00e9\">\u21a9\ufe0e<\/a><\/li><\/ol>\n\n\n<div class=\"wp-block-columns is-layout-flex wp-container-core-columns-is-layout-9d6595d7 wp-block-columns-is-layout-flex\">\n<div class=\"wp-block-column is-vertically-aligned-center is-layout-flow wp-block-column-is-layout-flow\">\n<h3 class=\"wp-block-heading has-text-align-center has-black-color has-text-color has-link-color wp-elements-152d382d0be4a7a434069af3a899364c\">Patrocinadores:<\/h3>\n\n\n\n<h4 class=\"wp-block-heading has-text-align-center has-black-color has-text-color has-link-color wp-elements-79880f1e14bf4264344e2eb53dda1cef\">Diamante:<\/h4>\n\n\n<div class=\"wp-block-image\">\n<figure class=\"aligncenter size-large is-resized\"><a href=\"https:\/\/aws.amazon.com\/\"><img loading=\"lazy\" decoding=\"async\" width=\"1024\" height=\"612\" src=\"https:\/\/sscad2025.ufms.br\/wp-content\/uploads\/2025\/05\/AWS_logo_RGB_BLK-1024x612.png\" alt=\"\" class=\"wp-image-337\" style=\"width:159px;height:auto\" srcset=\"https:\/\/sscad2025.ufms.br\/wp-content\/uploads\/2025\/05\/AWS_logo_RGB_BLK-1024x612.png 1024w, https:\/\/sscad2025.ufms.br\/wp-content\/uploads\/2025\/05\/AWS_logo_RGB_BLK-300x179.png 300w, https:\/\/sscad2025.ufms.br\/wp-content\/uploads\/2025\/05\/AWS_logo_RGB_BLK-768x459.png 768w, https:\/\/sscad2025.ufms.br\/wp-content\/uploads\/2025\/05\/AWS_logo_RGB_BLK-1536x918.png 1536w, https:\/\/sscad2025.ufms.br\/wp-content\/uploads\/2025\/05\/AWS_logo_RGB_BLK-2048x1224.png 2048w, https:\/\/sscad2025.ufms.br\/wp-content\/uploads\/2025\/05\/AWS_logo_RGB_BLK-1200x717.png 1200w\" sizes=\"(max-width: 1024px) 100vw, 1024px\" \/><\/a><\/figure>\n<\/div>\n\n\n<div class=\"wp-block-columns is-layout-flex wp-container-core-columns-is-layout-9d6595d7 wp-block-columns-is-layout-flex\">\n<div class=\"wp-block-column is-vertically-aligned-stretch is-layout-flow wp-block-column-is-layout-flow\"><div class=\"wp-block-image\">\n<figure class=\"aligncenter size-full\"><img decoding=\"async\" src=\"https:\/\/sbac-pad2025.ufms.br\/wp-content\/uploads\/2025\/10\/patrocinador_diamanteDellTechnologies_Nvidia-composto_cut.png\" alt=\"\" class=\"wp-image-861\"\/><\/figure>\n<\/div><\/div>\n<\/div>\n\n\n\n<hr class=\"wp-block-separator has-alpha-channel-opacity\"\/>\n\n\n\n<h4 class=\"wp-block-heading has-text-align-center has-black-color has-text-color has-link-color wp-elements-6faf45844d20f6e72f8f75e8534f241e\">Ouro:<\/h4>\n\n\n<div class=\"wp-block-image\">\n<figure class=\"aligncenter size-large is-resized\"><img decoding=\"async\" src=\"https:\/\/sbac-pad2025.ufms.br\/wp-content\/uploads\/2025\/10\/Logo-conjunto-NVIDIA-e-Versatus-colorido-1-1024x213.png\" alt=\"\" class=\"wp-image-742\" style=\"width:284px;height:auto\"\/><\/figure>\n<\/div>\n\n\n<hr class=\"wp-block-separator has-alpha-channel-opacity\"\/>\n\n\n\n<h4 class=\"wp-block-heading has-text-align-center has-black-color has-text-color has-link-color wp-elements-b9e04652cffca692d8b9678ae5f9428d\">Prata:<\/h4>\n\n\n\n<div class=\"wp-block-columns is-layout-flex wp-container-core-columns-is-layout-9d6595d7 wp-block-columns-is-layout-flex\">\n<div class=\"wp-block-column is-vertically-aligned-center is-layout-flow wp-block-column-is-layout-flow\"><div class=\"wp-block-image\">\n<figure class=\"aligncenter size-full is-resized\"><img decoding=\"async\" src=\"https:\/\/sbac-pad2025.ufms.br\/wp-content\/uploads\/2025\/10\/patrocinador_silver_scherm_cut.png\" alt=\"\" class=\"wp-image-858\" style=\"width:159px;height:auto\"\/><\/figure>\n<\/div><\/div>\n\n\n\n<div class=\"wp-block-column is-layout-flow wp-block-column-is-layout-flow\"><div class=\"wp-block-image\">\n<figure class=\"aligncenter size-full is-resized\"><img decoding=\"async\" src=\"https:\/\/sbac-pad2025.ufms.br\/wp-content\/uploads\/2025\/10\/patrocinador_prata_supermicro_cut.png\" alt=\"\" class=\"wp-image-859\" style=\"width:168px;height:auto\"\/><\/figure>\n<\/div><\/div>\n<\/div>\n\n\n<div class=\"wp-block-image\">\n<figure class=\"aligncenter size-full is-resized\"><img decoding=\"async\" src=\"https:\/\/sbac-pad2025.ufms.br\/wp-content\/uploads\/2025\/10\/kaiak-scaled.png\" alt=\"\" class=\"wp-image-856\" style=\"width:159px;height:auto\"\/><\/figure>\n<\/div>\n\n\n<hr class=\"wp-block-separator has-alpha-channel-opacity\"\/>\n\n\n\n<h3 class=\"wp-block-heading has-text-align-center has-black-color has-text-color has-link-color wp-elements-739d04852591a42b51453b1c62bd5bc8\">Parceiro:<\/h3>\n\n\n\n<div class=\"wp-block-columns are-vertically-aligned-center is-layout-flex wp-container-core-columns-is-layout-9d6595d7 wp-block-columns-is-layout-flex\">\n<div class=\"wp-block-column is-vertically-aligned-center is-layout-flow wp-block-column-is-layout-flow\"><div class=\"wp-block-image\">\n<figure class=\"aligncenter size-medium is-resized\"><img decoding=\"async\" src=\"https:\/\/sbac-pad2025.ufms.br\/wp-content\/uploads\/2025\/05\/H2O-300x300.png\" alt=\"\" class=\"wp-image-319\" style=\"object-fit:cover;width:104px;height:auto\"\/><\/figure>\n<\/div><\/div>\n<\/div>\n<\/div>\n\n\n\n<div class=\"wp-block-column is-vertically-aligned-top has-background is-layout-flow wp-block-column-is-layout-flow\" style=\"background-color:#f2f2f2\">\n<h3 class=\"wp-block-heading has-text-align-center has-black-color has-text-color has-link-color wp-elements-5dc98ebff3ce4de6dfc55803cb4c1339\">Organiza\u00e7\u00e3o:<\/h3>\n\n\n\n<div class=\"wp-block-columns is-layout-flex wp-container-core-columns-is-layout-9d6595d7 wp-block-columns-is-layout-flex\">\n<div class=\"wp-block-column is-layout-flow wp-block-column-is-layout-flow\"><div class=\"wp-block-image\">\n<figure class=\"aligncenter size-large is-resized\"><a href=\"https:\/\/www.ufms.br\"><img loading=\"lazy\" decoding=\"async\" width=\"783\" height=\"1024\" src=\"https:\/\/sscad2025.ufms.br\/wp-content\/uploads\/2025\/05\/sponsor_UFMS-1175x1536-1-783x1024.png\" alt=\"\" class=\"wp-image-335\" style=\"width:96px;height:auto\" srcset=\"https:\/\/sscad2025.ufms.br\/wp-content\/uploads\/2025\/05\/sponsor_UFMS-1175x1536-1-783x1024.png 783w, https:\/\/sscad2025.ufms.br\/wp-content\/uploads\/2025\/05\/sponsor_UFMS-1175x1536-1-229x300.png 229w, https:\/\/sscad2025.ufms.br\/wp-content\/uploads\/2025\/05\/sponsor_UFMS-1175x1536-1-768x1004.png 768w, https:\/\/sscad2025.ufms.br\/wp-content\/uploads\/2025\/05\/sponsor_UFMS-1175x1536-1.png 1175w\" sizes=\"(max-width: 783px) 100vw, 783px\" \/><\/a><\/figure>\n<\/div><\/div>\n\n\n\n<div class=\"wp-block-column is-layout-flow wp-block-column-is-layout-flow\"><div class=\"wp-block-image\">\n<figure class=\"aligncenter size-full is-resized\"><a href=\"https:\/\/www.unicamp.br\"><img loading=\"lazy\" decoding=\"async\" width=\"267\" height=\"300\" src=\"https:\/\/sscad2025.ufms.br\/wp-content\/uploads\/2025\/05\/sponsor_Unicamp.png\" alt=\"\" class=\"wp-image-336\" style=\"width:109px;height:auto\"\/><\/a><\/figure>\n<\/div><\/div>\n<\/div>\n\n\n\n<h3 class=\"wp-block-heading has-text-align-center has-black-color has-text-color has-link-color wp-elements-22ea08b78e56b9ffc4826c186ffe25e7\">Promo\u00e7\u00e3o:<\/h3>\n\n\n\n<div class=\"wp-block-columns is-layout-flex wp-container-core-columns-is-layout-9d6595d7 wp-block-columns-is-layout-flex\">\n<div class=\"wp-block-column is-layout-flow wp-block-column-is-layout-flow\"><div class=\"wp-block-image\">\n<figure class=\"aligncenter size-full is-resized\"><a href=\"https:\/\/www.sbc.org.br\"><img loading=\"lazy\" decoding=\"async\" width=\"147\" height=\"228\" src=\"https:\/\/sscad2025.ufms.br\/wp-content\/uploads\/2025\/05\/sbc_alt.png\" alt=\"\" class=\"wp-image-358\" style=\"width:105px;height:auto\"\/><\/a><\/figure>\n<\/div><\/div>\n\n\n\n<div class=\"wp-block-column is-vertically-aligned-center is-layout-flow wp-block-column-is-layout-flow\"><div class=\"wp-block-image\">\n<figure class=\"aligncenter size-large\"><a href=\"https:\/\/www.computer.org\"><img loading=\"lazy\" decoding=\"async\" width=\"1024\" height=\"313\" src=\"https:\/\/sscad2025.ufms.br\/wp-content\/uploads\/2025\/02\/sponsor_IEEE-1024x313.png\" alt=\"\" class=\"wp-image-102\" srcset=\"https:\/\/sscad2025.ufms.br\/wp-content\/uploads\/2025\/02\/sponsor_IEEE-1024x313.png 1024w, https:\/\/sscad2025.ufms.br\/wp-content\/uploads\/2025\/02\/sponsor_IEEE-300x92.png 300w, https:\/\/sscad2025.ufms.br\/wp-content\/uploads\/2025\/02\/sponsor_IEEE-768x235.png 768w, https:\/\/sscad2025.ufms.br\/wp-content\/uploads\/2025\/02\/sponsor_IEEE-1536x470.png 1536w, https:\/\/sscad2025.ufms.br\/wp-content\/uploads\/2025\/02\/sponsor_IEEE-2048x627.png 2048w\" sizes=\"(max-width: 1024px) 100vw, 1024px\" \/><\/a><\/figure>\n<\/div><\/div>\n<\/div>\n\n\n<div class=\"wp-block-image\">\n<figure class=\"aligncenter size-large is-resized\"><a href=\"https:\/\/www2.sbc.org.br\/ce-acpad\/\"><img decoding=\"async\" src=\"https:\/\/sbac-pad2025.ufms.br\/wp-content\/uploads\/2025\/08\/CEACPAD-LOGOTIPO-PRINCIPAL-01-1024x162.png\" alt=\"\" class=\"wp-image-451\" style=\"width:354px;height:auto\"\/><\/a><\/figure>\n<\/div>\n\n\n<h3 class=\"wp-block-heading has-text-align-center has-black-color has-text-color has-link-color wp-elements-15d349d2a3aa2b480b7c6487797bf9c1\">Financiamento:<\/h3>\n\n\n\n<div class=\"wp-block-columns is-layout-flex wp-container-core-columns-is-layout-9d6595d7 wp-block-columns-is-layout-flex\">\n<div class=\"wp-block-column is-vertically-aligned-center is-layout-flow wp-block-column-is-layout-flow\"><div class=\"wp-block-image\">\n<figure class=\"aligncenter size-full is-resized\"><img decoding=\"async\" src=\"https:\/\/sbac-pad2025.ufms.br\/wp-content\/uploads\/2025\/05\/sponsor_CNPq.png\" alt=\"\" class=\"wp-image-317\" style=\"width:191px;height:auto\"\/><\/figure>\n<\/div><\/div>\n\n\n\n<div class=\"wp-block-column is-vertically-aligned-center is-layout-flow wp-block-column-is-layout-flow\"><div class=\"wp-block-image\">\n<figure class=\"aligncenter size-full is-resized\"><img decoding=\"async\" src=\"https:\/\/sbac-pad2025.ufms.br\/wp-content\/uploads\/2025\/05\/sponsor_CAPES.png\" alt=\"\" class=\"wp-image-316\" style=\"width:170px;height:auto\"\/><\/figure>\n<\/div><\/div>\n<\/div>\n<\/div>\n<\/div>\n","protected":false},"excerpt":{"rendered":"<p>Bonito Bonito fica a 290 km de Campo Grande, capital do estado do Mato Grosso do Sul. Cidade tur\u00edstica tranquila e acolhedora, Bonito \u00e9 conhecida mundialmente por suas belezas naturais, [&hellip;]<\/p>\n","protected":false},"author":1,"featured_media":0,"parent":0,"menu_order":0,"comment_status":"closed","ping_status":"closed","template":"","meta":{"_eb_attr":"","_starter_page_template":"","_wpcom_template_layout_category":[],"footnotes":"[{\"content\":\"<a href=\\\"https:\/\/www.youtube.com\/@Guiaturisticopiracity\\\">Guia Tur\u00edstico Piracity!<\/a><a href=\\\"https:\/\/www.youtube.com\/watch?v=oB52k5RTEVI\\\"> (https:\/\/www.youtube.com\/watch?v=oB52k5RTEVI<\/a>)\",\"id\":\"a6c4f267-e4cb-408d-b321-80047eaed557\"}]"},"class_list":["post-10","page","type-page","status-publish","hentry"],"_links":{"self":[{"href":"https:\/\/sscad2025.ufms.br\/index.php?rest_route=\/wp\/v2\/pages\/10","targetHints":{"allow":["GET"]}}],"collection":[{"href":"https:\/\/sscad2025.ufms.br\/index.php?rest_route=\/wp\/v2\/pages"}],"about":[{"href":"https:\/\/sscad2025.ufms.br\/index.php?rest_route=\/wp\/v2\/types\/page"}],"author":[{"embeddable":true,"href":"https:\/\/sscad2025.ufms.br\/index.php?rest_route=\/wp\/v2\/users\/1"}],"replies":[{"embeddable":true,"href":"https:\/\/sscad2025.ufms.br\/index.php?rest_route=%2Fwp%2Fv2%2Fcomments&post=10"}],"version-history":[{"count":5,"href":"https:\/\/sscad2025.ufms.br\/index.php?rest_route=\/wp\/v2\/pages\/10\/revisions"}],"predecessor-version":[{"id":671,"href":"https:\/\/sscad2025.ufms.br\/index.php?rest_route=\/wp\/v2\/pages\/10\/revisions\/671"}],"wp:attachment":[{"href":"https:\/\/sscad2025.ufms.br\/index.php?rest_route=%2Fwp%2Fv2%2Fmedia&parent=10"}],"curies":[{"name":"wp","href":"https:\/\/api.w.org\/{rel}","templated":true}]}}