{"id":209,"date":"2025-03-14T20:47:55","date_gmt":"2025-03-14T20:47:55","guid":{"rendered":"https:\/\/sscad2025.ufms.br\/?page_id=209"},"modified":"2025-10-15T17:18:23","modified_gmt":"2025-10-15T17:18:23","slug":"chamada-de-trabalhos-trilha-principal","status":"publish","type":"page","link":"https:\/\/sscad2025.ufms.br\/?page_id=209","title":{"rendered":"Chamada de Trabalhos &#8211; Trilha Principal"},"content":{"rendered":"\n<p>O Simp\u00f3sio de Sistemas Computacionais de Alto Desempenho (SSCAD) \u00e9 um evento anual que apresenta, desde o ano 2000, os principais desenvolvimentos, aplica\u00e7\u00f5es e tend\u00eancias nas \u00e1reas de Arquitetura de Computadores, Processamento de Alto Desempenho e Sistemas Distribu\u00eddos. Em sua vig\u00e9sima sexta edi\u00e7\u00e3o, o SSCAD ser\u00e1 realizado no per\u00edodo de 28 a 31 de Outubro, em Bonito\/MS, uma cidade tur\u00edstica, tranquila e acolhedora, conhecida mundialmente por suas belezas naturais. Ainda, o SSCAD 2025 ser\u00e1 co-alocado com o IEEE\/SBC SBAC-PAD 2025.<\/p>\n\n\n\n<h4 class=\"wp-block-heading\"><strong>Datas importantes:<\/strong><\/h4>\n\n\n\n<ul class=\"wp-block-list\">\n<li><strong>Submiss\u00e3o de artigos<\/strong>: <s>05\/08<\/s>&nbsp;<mark style=\"background-color:rgba(0, 0, 0, 0)\" class=\"has-inline-color has-black-color\"><s>27\/08<\/s><\/mark> <mark style=\"background-color:rgba(0, 0, 0, 0)\" class=\"has-inline-color has-vivid-red-color\">30\/08<\/mark><\/li>\n\n\n\n<li><strong>Notifica\u00e7\u00e3o aos autores<\/strong>: <s>19\/09<\/s> <mark style=\"background-color:rgba(0, 0, 0, 0)\" class=\"has-inline-color has-vivid-red-color\">25\/09<\/mark><\/li>\n\n\n\n<li><strong>Submiss\u00e3o da vers\u00e3o final<\/strong>: <s>25\/09<\/s> <mark style=\"background-color:rgba(0, 0, 0, 0)\" class=\"has-inline-color has-vivid-red-color\">30\/09<\/mark><\/li>\n<\/ul>\n\n\n\n<h4 class=\"wp-block-heading\"><strong>T\u00f3picos de interesse<\/strong><\/h4>\n\n\n\n<ul class=\"wp-block-list\">\n<li>Algoritmos Paralelos e Distribu\u00eddos<\/li>\n\n\n\n<li>Aplica\u00e7\u00f5es de Computa\u00e7\u00e3o de Alto Desempenho em Ci\u00eancias e Engenharias<\/li>\n\n\n\n<li>Aprendizado de M\u00e1quina e Computa\u00e7\u00e3o de Alto Desempenho<\/li>\n\n\n\n<li>Arquiteturas de Computadores<\/li>\n\n\n\n<li>Arquiteturas Avan\u00e7adas, Dedicadas e Espec\u00edficas<\/li>\n\n\n\n<li>Avalia\u00e7\u00e3o, Medi\u00e7\u00e3o e Predi\u00e7\u00e3o de Desempenho<\/li>\n\n\n\n<li>Ci\u00eancia de Dados e Computa\u00e7\u00e3o de Alto Desempenho<\/li>\n\n\n\n<li>Computa\u00e7\u00e3o de Alto Desempenho em Grade e na Nuvem<\/li>\n\n\n\n<li>Computa\u00e7\u00e3o de Alto Desempenho Sustent\u00e1vel<\/li>\n\n\n\n<li>Computa\u00e7\u00e3o em Aglomerados de Computadores<\/li>\n\n\n\n<li>Computa\u00e7\u00e3o Heterog\u00eanea<\/li>\n\n\n\n<li>Computa\u00e7\u00e3o M\u00f3vel de Alto Desempenho<\/li>\n\n\n\n<li>Computa\u00e7\u00e3o Qu\u00e2ntica e Alto Desempenho<\/li>\n\n\n\n<li>Escalonamento e Balanceamento de Carga<\/li>\n\n\n\n<li>Linguagens, Compiladores e Ferramentas para Alto Desempenho<\/li>\n\n\n\n<li>Mem\u00f3ria Compartilhada Distribu\u00edda (DSM)<\/li>\n\n\n\n<li>Redes e Protocolos de Comunica\u00e7\u00e3o de Alto Desempenho<\/li>\n\n\n\n<li>Simula\u00e7\u00e3o de Arquiteturas e Sistemas Paralelos<\/li>\n\n\n\n<li>Sistemas de Arquivos e Entrada e Sa\u00edda de Alto Desempenho<\/li>\n\n\n\n<li>Sistemas de Banco de Dados Paralelos e Distribu\u00eddos<\/li>\n\n\n\n<li>Sistemas de Mem\u00f3ria<\/li>\n\n\n\n<li>Sistemas Operacionais<\/li>\n\n\n\n<li>Sistemas Tolerantes a Falhas<\/li>\n\n\n\n<li>Software B\u00e1sico para Computa\u00e7\u00e3o Paralela e Distribu\u00edda<\/li>\n\n\n\n<li>T\u00e9cnicas e M\u00e9todos de Extra\u00e7\u00e3o de Paralelismo<\/li>\n\n\n\n<li>Valida\u00e7\u00e3o, Verifica\u00e7\u00e3o e Teste de Aplica\u00e7\u00f5es Paralelas<\/li>\n<\/ul>\n\n\n\n<h4 class=\"wp-block-heading\"><strong>Submiss\u00e3o de artigos<\/strong><\/h4>\n\n\n\n<p>Os artigos a serem submetidos \u00e0 Trilha Principal do SSCAD 2025 poder\u00e3o ser escritos em l\u00edngua portuguesa ou inglesa e ser\u00e3o avaliados pelos membros do Comit\u00ea de Programa. Os artigos devem ser submetidos no formato PDF, podendo ter at\u00e9 12 p\u00e1ginas (incluindo as refer\u00eancias bibliogr\u00e1ficas), devendo seguir o modelo para publica\u00e7\u00e3o de artigos <a href=\"https:\/\/www.sbc.org.br\/documentosinstitucionais\/#publicacoes\">sugerido pela SBC<\/a>. Os anais ser\u00e3o publicados na <a href=\"http:\/\/sol.sbc.org.br\/\">SBC OpenLib (SOL)<\/a>.<\/p>\n\n\n\n<p>Os artigos a serem submetidos ao SSCAD 2025 devem apresentar trabalhos com conte\u00fado in\u00e9dito. N\u00e3o \u00e9 permitida a submiss\u00e3o de artigos que estejam em processo de revis\u00e3o ou que j\u00e1 tenham sido publicados em outras confer\u00eancias ou peri\u00f3dicos.<\/p>\n\n\n\n<p>O link para submiss\u00e3o dos artigos \u00e9 <a href=\"https:\/\/jems3.sbc.org.br\/sscad2025\" target=\"_blank\" rel=\"noreferrer noopener\">https:\/\/jems3.sbc.org.br\/sscad2025<\/a><\/p>\n\n\n\n<p>Al\u00e9m das sess\u00f5es t\u00e9cnicas da Trilha Principal e dos Minicursos, o SSCAD 2025 contar\u00e1 com os seguintes eventos co-alocados:<\/p>\n\n\n\n<ul class=\"wp-block-list\">\n<li>Concurso de Teses e Disserta\u00e7\u00f5es em Arquitetura de Computadores e Computa\u00e7\u00e3o de Alto Desempenho (SSCAD-CTD);<\/li>\n\n\n\n<li>Workshop de Inicia\u00e7\u00e3o Cient\u00edfica em Arquitetura de Computadores e Computa\u00e7\u00e3o de Alto Desempenho (SSCAD-WIC);<\/li>\n\n\n\n<li>Workshop sobre Educa\u00e7\u00e3o em Arquitetura de Computadores (WEAC);<\/li>\n\n\n\n<li>Maratona de Programa\u00e7\u00e3o Paralela (MPP).<\/li>\n<\/ul>\n\n\n\n<p>Os autores dos melhores trabalhos aceitos na Trilha Principal do SSCAD 2025 ser\u00e3o convidados a submeter uma vers\u00e3o estendida dos seus artigos, com 50% de conte\u00fado novo, para uma edi\u00e7\u00e3o especial do peri\u00f3dico Concurrency and Computation: Practice and Experience (CCPE). <\/p>\n\n\n\n<h4 class=\"wp-block-heading\"><strong>Coordena\u00e7\u00e3o do Comit\u00ea de Programa do SSCAD<\/strong><\/h4>\n\n\n\n<ul class=\"wp-block-list\">\n<li>Liana Duenha (UFMS)<\/li>\n\n\n\n<li>Luiz Fernando Bittencourt (UNICAMP)<\/li>\n<\/ul>\n\n\n\n<p><\/p>\n\n\n\n<h4 class=\"wp-block-heading\">Comit\u00ea de Programa do SSCAD<\/h4>\n\n\n\n<ul class=\"wp-block-list\">\n<li>Adenauer Yamin (Universidade Federal de Pelotas, Brasil)<\/li>\n\n\n\n<li>Alexandre Sena (Instituto de Matem\u00e1tica e Estat\u00edstica, Universidade do Estado do Rio de Janeiro, Brasil)<\/li>\n\n\n\n<li>Alexandro Baldassin (Universidade Estadual Paulista J\u00falio De Mesquita Filho, Brasil)<\/li>\n\n\n\n<li>Alfredo Goldman (Universidade De S\u00e3o Paulo, Brasil)<\/li>\n\n\n\n<li>Aline de Paula Nascimento (Instituto De Computacao, Universidade Federal Fluminense, Brasil)<\/li>\n\n\n\n<li>Allberson Dantas (Universidade Da Integra\u00e7\u00e3o Internacional Da Lusofonia Afro-Brasileira, Brasil)<\/li>\n\n\n\n<li>Alvaro Luiz Fazenda (Universidade Federal De S\u00e3o Paulo, Brasil)<\/li>\n\n\n\n<li>Anderson Faustino da Silva (Universidade Estadual De Maring\u00e1, Brasil)<\/li>\n\n\n\n<li>Andre Rauber Du Bois (Universidade Federal De Pelotas, Brasil)<\/li>\n\n\n\n<li>Antonio Carlos Schneider Beck Filho (Universidade Federal Do Rio Grande Do Sul, Brasil)<\/li>\n\n\n\n<li>Antonio Tadeu Azevedo Gomes (Laborat\u00f3rio Nacional De Computa\u00e7\u00e3o Cient\u00edfica, Brasil)<\/li>\n\n\n\n<li>Bianca de A. Dantas (Universidade Federal Do Mato Grosso Do Sul, Brasil)<\/li>\n\n\n\n<li>Calebe de Paula Bianchini (Mackenzie Presbyterian University, Brasil)<\/li>\n\n\n\n<li>Carla Osthoff (Laborat\u00f3rio Nacional De Computa\u00e7\u00e3o Cient\u00edfica, Brasil)<\/li>\n\n\n\n<li>Claudio Geyer (Universidade Federal Do Rio Grande Do Sul, Brasil)<\/li>\n\n\n\n<li>Claudio Luis Amorim (Universidade Federal Do Rio De Janeiro, Brasil)<\/li>\n\n\n\n<li>Claudio Schepke (Universidade Federal Do Pampa, Brasil)<\/li>\n\n\n\n<li>Cristina Boeres (Instituto De Computacao, Universidade Federal Fluminense, Brasil)<\/li>\n\n\n\n<li>Dalvan Griebler (Pontif\u00edcia Universidade Cat\u00f3lica Do Rio Grande Do Sul, Brasil)<\/li>\n\n\n\n<li>Daniel Cordeiro (Universidade De S\u00e3o Paulo, Brasil)<\/li>\n\n\n\n<li>Daniel de Oliveira (Universidade Federal Fluminense, Brasil)<\/li>\n\n\n\n<li>Daniel Sundfeld (Universidade De Bras\u00edlia, Brasil)<\/li>\n\n\n\n<li>Daniela Luiza Catelan (Universidade Federal Do Mato Grosso Do Sul, Brasil)<\/li>\n\n\n\n<li>Danilo Carastan dos Santos (Universit\u00e9 Grenoble Alpes, Brasil)<\/li>\n\n\n\n<li>Denise Stringhini (Universidade Federal De S\u00e3o Paulo, Brasil)<\/li>\n\n\n\n<li>Diego N. Brand\u00e3o (Centro Federal De Educa\u00e7\u00e3o Tecnol\u00f3gica Celso Suckow Da Fonseca, Brasil)<\/li>\n\n\n\n<li>Diego Leonel Cadette Dutra (Federal University Of Rio De Janeiro, Brasil)<\/li>\n\n\n\n<li>Douglas D. J. de Macedo (Universidade Federal De Santa Catarina, Brasil)<\/li>\n\n\n\n<li>Edson N. C\u00e1ceres (Universidade Federal Do Mato Grosso Do Sul, Brasil)<\/li>\n\n\n\n<li>Edvard Martins de Oliveira (Universidade Federal De Itajub\u00e1, Brasil)<\/li>\n\n\n\n<li>Edward David Moreno (Universidade Federal De Sergipe, Brasil)<\/li>\n\n\n\n<li>Emilio Francesquini (Federal University Of Abc, Brasil)<\/li>\n\n\n\n<li>Fabr\u00edcio Go\u00e9s (University Of Leicester, United Kingdom)<\/li>\n\n\n\n<li>Francisco H. Carvalho-Junior (Universidade Federal Do Cear\u00e1, Brasil)<\/li>\n\n\n\n<li>George L. M. Teodoro (Universidade Federal De Minas Gerais, Brazil)<\/li>\n\n\n\n<li>Gerson Geraldo H. Cavalheiro (Universidade Federal De Pelotas, Brasil)<\/li>\n\n\n\n<li>Guilherme Cassales (University Of Waikato, New Zealand)<\/li>\n\n\n\n<li>Guilherme P. Koslovski (Universidade Do Estado De Santa Catarina, Brasil)<\/li>\n\n\n\n<li>Henrique Cota Freitas (Pontif\u00edcia Universidade Cat\u00f3lica De Minas Gerais, Brasil)<\/li>\n\n\n\n<li>Herve Yviquel (Universidade Estadual De Campinas, Brasil)<\/li>\n\n\n\n<li>Jo\u00e3o Vicente Ferreira Lima (Universidade Federal De Santa Maria, Brasil)<\/li>\n\n\n\n<li>Jos\u00e9 Augusto Miranda Nacif (Universidade Federal De Vi\u00e7osa, Brasil)<\/li>\n\n\n\n<li>Josivaldo Araujo (Universidade Federal Do Par\u00e1, Brasil)<\/li>\n\n\n\n<li>Joubert de Castro Lima (Universidade Federal De Ouro Preto, Brasil)<\/li>\n\n\n\n<li>Liana Duenha (Universidade Federal Do Mato Grosso Do Sul, Brasil)<\/li>\n\n\n\n<li>Lucas Mello Schnorr (Universidade Federal Do Rio Grande Do Sul, Brasil)<\/li>\n\n\n\n<li>Lucas Wanner (Universidade Estadual De Campinas, Brasil)<\/li>\n\n\n\n<li>Luciano Gonda (Universidade Federal De Mato Grosso Do Sul, Brasil)<\/li>\n\n\n\n<li>Luiz Gustavo Le\u00e3o Fernandes (Pontif\u00edcia Universidade Cat\u00f3lica Do Rio Grande Do Sul, Brasil)<\/li>\n\n\n\n<li>Marcelo Serrano Zanetti (Universidade Federal De Santa Maria, Brasil)<\/li>\n\n\n\n<li>M\u00e1rcio Castro (Federal University Of Santa Catarina, Brasil)<\/li>\n\n\n\n<li>Maria Clicia Stelling de Castro (Universidade Do Estado Do Rio De Janeiro, Brasil)<\/li>\n\n\n\n<li>Monica Magalh\u00e3es Pereira (Universidade Federal Do Rio Grande Do Norte, Brasil)<\/li>\n\n\n\n<li>Nahri Balesdent Moreano (Universidade Federal De Mato Grosso Do Sul, Brasil)<\/li>\n\n\n\n<li>Nilton Jose Rizzo (Sociedade Brasileira De Computa\u00e7\u00e3o, Brasil)<\/li>\n\n\n\n<li>Paulo Matias (Universidade Federal De S\u00e3o Carlos, Brasil)<\/li>\n\n\n\n<li>Paulo Sergio Lopes de Souza (Universidade De S\u00e3o Paulo, Brasil)<\/li>\n\n\n\n<li>Philippe Olivier Alexandre Navaux (Universidade Federal Do Rio Grande Do Sul, Brasil)<\/li>\n\n\n\n<li>Raphael Y. Camargo (Universidade Federal Do Abc, Brasil)<\/li>\n\n\n\n<li>Renan Albuquerque Marks (Universidade Federal Do Mato Grosso Do Sul, Brasil)<\/li>\n\n\n\n<li>Ricardo Menotti (Universidade Federal De S\u00e3o Carlos, Brasil)<\/li>\n\n\n\n<li>Roberto Pinto Souto (Laborat\u00f3rio Nacional De Computa\u00e7\u00e3o Cient\u00edfica, Brasil)<\/li>\n\n\n\n<li>Rog\u00e9rio Aparecido Gon\u00e7alves (Universidade Tecnol\u00f3gica Federal Do Paran\u00e1, Brasil)<\/li>\n\n\n\n<li>Samuel Ferraz (Universidade Federal De Mato Grosso Do Sul, Brasil)<\/li>\n\n\n\n<li>Samuel Xavier de Souza (Universidade Federal Do Rio Grande Do Norte, Brasil)<\/li>\n\n\n\n<li>Sandro Rigo (Universidade Estadual De Campinas, Brasil)<\/li>\n\n\n\n<li>Sarita Mazzini Bruschi (Universidade De S\u00e3o Paulo, Brasil)<\/li>\n\n\n\n<li>Tiago Coelho Ferreto (Pontif\u00edcia Universidade Cat\u00f3lica Do Rio Grande Do Sul, Brasil)<\/li>\n\n\n\n<li>Vitor B. C. Souza (Universidade Federal De Vi\u00e7osa, Brasil)<\/li>\n\n\n\n<li>Wanderson Roger Azevedo Dias (Instituto Federal De Rond\u00f4nia, Brasil)<\/li>\n\n\n\n<li>Wellington Santos Martins (Universidade Federal De Goi\u00e1s, Brasil)<\/li>\n<\/ul>\n\n\n\n<hr class=\"wp-block-separator has-alpha-channel-opacity\"\/>\n\n\n\n<div class=\"wp-block-columns is-layout-flex wp-container-core-columns-is-layout-9d6595d7 wp-block-columns-is-layout-flex\">\n<div class=\"wp-block-column is-vertically-aligned-center is-layout-flow wp-block-column-is-layout-flow\">\n<h3 class=\"wp-block-heading has-text-align-center has-black-color has-text-color has-link-color wp-elements-152d382d0be4a7a434069af3a899364c\">Patrocinadores:<\/h3>\n\n\n\n<h4 class=\"wp-block-heading has-text-align-center has-black-color has-text-color has-link-color wp-elements-79880f1e14bf4264344e2eb53dda1cef\">Diamante:<\/h4>\n\n\n<div class=\"wp-block-image\">\n<figure class=\"aligncenter size-large is-resized\"><a href=\"https:\/\/aws.amazon.com\/\"><img fetchpriority=\"high\" decoding=\"async\" width=\"1024\" height=\"612\" src=\"https:\/\/sscad2025.ufms.br\/wp-content\/uploads\/2025\/05\/AWS_logo_RGB_BLK-1024x612.png\" alt=\"\" class=\"wp-image-337\" style=\"width:159px;height:auto\" srcset=\"https:\/\/sscad2025.ufms.br\/wp-content\/uploads\/2025\/05\/AWS_logo_RGB_BLK-1024x612.png 1024w, https:\/\/sscad2025.ufms.br\/wp-content\/uploads\/2025\/05\/AWS_logo_RGB_BLK-300x179.png 300w, https:\/\/sscad2025.ufms.br\/wp-content\/uploads\/2025\/05\/AWS_logo_RGB_BLK-768x459.png 768w, https:\/\/sscad2025.ufms.br\/wp-content\/uploads\/2025\/05\/AWS_logo_RGB_BLK-1536x918.png 1536w, https:\/\/sscad2025.ufms.br\/wp-content\/uploads\/2025\/05\/AWS_logo_RGB_BLK-2048x1224.png 2048w, https:\/\/sscad2025.ufms.br\/wp-content\/uploads\/2025\/05\/AWS_logo_RGB_BLK-1200x717.png 1200w\" sizes=\"(max-width: 1024px) 100vw, 1024px\" \/><\/a><\/figure>\n<\/div>\n\n\n<div class=\"wp-block-columns is-layout-flex wp-container-core-columns-is-layout-9d6595d7 wp-block-columns-is-layout-flex\">\n<div class=\"wp-block-column is-vertically-aligned-stretch is-layout-flow wp-block-column-is-layout-flow\"><div class=\"wp-block-image\">\n<figure class=\"aligncenter size-full\"><img decoding=\"async\" src=\"https:\/\/sbac-pad2025.ufms.br\/wp-content\/uploads\/2025\/10\/patrocinador_diamanteDellTechnologies_Nvidia-composto_cut.png\" alt=\"\" class=\"wp-image-861\"\/><\/figure>\n<\/div><\/div>\n<\/div>\n\n\n\n<hr class=\"wp-block-separator has-alpha-channel-opacity\"\/>\n\n\n\n<h4 class=\"wp-block-heading has-text-align-center has-black-color has-text-color has-link-color wp-elements-6faf45844d20f6e72f8f75e8534f241e\">Ouro:<\/h4>\n\n\n<div class=\"wp-block-image\">\n<figure class=\"aligncenter size-large is-resized\"><img decoding=\"async\" src=\"https:\/\/sbac-pad2025.ufms.br\/wp-content\/uploads\/2025\/10\/Logo-conjunto-NVIDIA-e-Versatus-colorido-1-1024x213.png\" alt=\"\" class=\"wp-image-742\" style=\"width:284px;height:auto\"\/><\/figure>\n<\/div>\n\n\n<hr class=\"wp-block-separator has-alpha-channel-opacity\"\/>\n\n\n\n<h4 class=\"wp-block-heading has-text-align-center has-black-color has-text-color has-link-color wp-elements-b9e04652cffca692d8b9678ae5f9428d\">Prata:<\/h4>\n\n\n\n<div class=\"wp-block-columns is-layout-flex wp-container-core-columns-is-layout-9d6595d7 wp-block-columns-is-layout-flex\">\n<div class=\"wp-block-column is-vertically-aligned-center is-layout-flow wp-block-column-is-layout-flow\"><div class=\"wp-block-image\">\n<figure class=\"aligncenter size-full is-resized\"><img decoding=\"async\" src=\"https:\/\/sbac-pad2025.ufms.br\/wp-content\/uploads\/2025\/10\/patrocinador_silver_scherm_cut.png\" alt=\"\" class=\"wp-image-858\" style=\"width:159px;height:auto\"\/><\/figure>\n<\/div><\/div>\n\n\n\n<div class=\"wp-block-column is-layout-flow wp-block-column-is-layout-flow\"><div class=\"wp-block-image\">\n<figure class=\"aligncenter size-full is-resized\"><img decoding=\"async\" src=\"https:\/\/sbac-pad2025.ufms.br\/wp-content\/uploads\/2025\/10\/patrocinador_prata_supermicro_cut.png\" alt=\"\" class=\"wp-image-859\" style=\"width:168px;height:auto\"\/><\/figure>\n<\/div><\/div>\n<\/div>\n\n\n<div class=\"wp-block-image\">\n<figure class=\"aligncenter size-full is-resized\"><img decoding=\"async\" src=\"https:\/\/sbac-pad2025.ufms.br\/wp-content\/uploads\/2025\/10\/kaiak-scaled.png\" alt=\"\" class=\"wp-image-856\" style=\"width:159px;height:auto\"\/><\/figure>\n<\/div>\n\n\n<hr class=\"wp-block-separator has-alpha-channel-opacity\"\/>\n\n\n\n<h3 class=\"wp-block-heading has-text-align-center has-black-color has-text-color has-link-color wp-elements-739d04852591a42b51453b1c62bd5bc8\">Parceiro:<\/h3>\n\n\n\n<div class=\"wp-block-columns are-vertically-aligned-center is-layout-flex wp-container-core-columns-is-layout-9d6595d7 wp-block-columns-is-layout-flex\">\n<div class=\"wp-block-column is-vertically-aligned-center is-layout-flow wp-block-column-is-layout-flow\"><div class=\"wp-block-image\">\n<figure class=\"aligncenter size-medium is-resized\"><img decoding=\"async\" src=\"https:\/\/sbac-pad2025.ufms.br\/wp-content\/uploads\/2025\/05\/H2O-300x300.png\" alt=\"\" class=\"wp-image-319\" style=\"object-fit:cover;width:104px;height:auto\"\/><\/figure>\n<\/div><\/div>\n<\/div>\n<\/div>\n\n\n\n<div class=\"wp-block-column is-vertically-aligned-top has-background is-layout-flow wp-block-column-is-layout-flow\" style=\"background-color:#f2f2f2\">\n<h3 class=\"wp-block-heading has-text-align-center has-black-color has-text-color has-link-color wp-elements-5dc98ebff3ce4de6dfc55803cb4c1339\">Organiza\u00e7\u00e3o:<\/h3>\n\n\n\n<div class=\"wp-block-columns is-layout-flex wp-container-core-columns-is-layout-9d6595d7 wp-block-columns-is-layout-flex\">\n<div class=\"wp-block-column is-layout-flow wp-block-column-is-layout-flow\"><div class=\"wp-block-image\">\n<figure class=\"aligncenter size-large is-resized\"><a href=\"https:\/\/www.ufms.br\"><img decoding=\"async\" width=\"783\" height=\"1024\" src=\"https:\/\/sscad2025.ufms.br\/wp-content\/uploads\/2025\/05\/sponsor_UFMS-1175x1536-1-783x1024.png\" alt=\"\" class=\"wp-image-335\" style=\"width:96px;height:auto\" srcset=\"https:\/\/sscad2025.ufms.br\/wp-content\/uploads\/2025\/05\/sponsor_UFMS-1175x1536-1-783x1024.png 783w, https:\/\/sscad2025.ufms.br\/wp-content\/uploads\/2025\/05\/sponsor_UFMS-1175x1536-1-229x300.png 229w, https:\/\/sscad2025.ufms.br\/wp-content\/uploads\/2025\/05\/sponsor_UFMS-1175x1536-1-768x1004.png 768w, https:\/\/sscad2025.ufms.br\/wp-content\/uploads\/2025\/05\/sponsor_UFMS-1175x1536-1.png 1175w\" sizes=\"(max-width: 783px) 100vw, 783px\" \/><\/a><\/figure>\n<\/div><\/div>\n\n\n\n<div class=\"wp-block-column is-layout-flow wp-block-column-is-layout-flow\"><div class=\"wp-block-image\">\n<figure class=\"aligncenter size-full is-resized\"><a href=\"https:\/\/www.unicamp.br\"><img decoding=\"async\" width=\"267\" height=\"300\" src=\"https:\/\/sscad2025.ufms.br\/wp-content\/uploads\/2025\/05\/sponsor_Unicamp.png\" alt=\"\" class=\"wp-image-336\" style=\"width:109px;height:auto\"\/><\/a><\/figure>\n<\/div><\/div>\n<\/div>\n\n\n\n<h3 class=\"wp-block-heading has-text-align-center has-black-color has-text-color has-link-color wp-elements-22ea08b78e56b9ffc4826c186ffe25e7\">Promo\u00e7\u00e3o:<\/h3>\n\n\n\n<div class=\"wp-block-columns is-layout-flex wp-container-core-columns-is-layout-9d6595d7 wp-block-columns-is-layout-flex\">\n<div class=\"wp-block-column is-layout-flow wp-block-column-is-layout-flow\"><div class=\"wp-block-image\">\n<figure class=\"aligncenter size-full is-resized\"><a href=\"https:\/\/www.sbc.org.br\"><img loading=\"lazy\" decoding=\"async\" width=\"147\" height=\"228\" src=\"https:\/\/sscad2025.ufms.br\/wp-content\/uploads\/2025\/05\/sbc_alt.png\" alt=\"\" class=\"wp-image-358\" style=\"width:105px;height:auto\"\/><\/a><\/figure>\n<\/div><\/div>\n\n\n\n<div class=\"wp-block-column is-vertically-aligned-center is-layout-flow wp-block-column-is-layout-flow\"><div class=\"wp-block-image\">\n<figure class=\"aligncenter size-large\"><a href=\"https:\/\/www.computer.org\"><img loading=\"lazy\" decoding=\"async\" width=\"1024\" height=\"313\" src=\"https:\/\/sscad2025.ufms.br\/wp-content\/uploads\/2025\/02\/sponsor_IEEE-1024x313.png\" alt=\"\" class=\"wp-image-102\" srcset=\"https:\/\/sscad2025.ufms.br\/wp-content\/uploads\/2025\/02\/sponsor_IEEE-1024x313.png 1024w, https:\/\/sscad2025.ufms.br\/wp-content\/uploads\/2025\/02\/sponsor_IEEE-300x92.png 300w, https:\/\/sscad2025.ufms.br\/wp-content\/uploads\/2025\/02\/sponsor_IEEE-768x235.png 768w, https:\/\/sscad2025.ufms.br\/wp-content\/uploads\/2025\/02\/sponsor_IEEE-1536x470.png 1536w, https:\/\/sscad2025.ufms.br\/wp-content\/uploads\/2025\/02\/sponsor_IEEE-2048x627.png 2048w\" sizes=\"(max-width: 1024px) 100vw, 1024px\" \/><\/a><\/figure>\n<\/div><\/div>\n<\/div>\n\n\n<div class=\"wp-block-image\">\n<figure class=\"aligncenter size-large is-resized\"><a href=\"https:\/\/www2.sbc.org.br\/ce-acpad\/\"><img decoding=\"async\" src=\"https:\/\/sbac-pad2025.ufms.br\/wp-content\/uploads\/2025\/08\/CEACPAD-LOGOTIPO-PRINCIPAL-01-1024x162.png\" alt=\"\" class=\"wp-image-451\" style=\"width:354px;height:auto\"\/><\/a><\/figure>\n<\/div>\n\n\n<h3 class=\"wp-block-heading has-text-align-center has-black-color has-text-color has-link-color wp-elements-15d349d2a3aa2b480b7c6487797bf9c1\">Financiamento:<\/h3>\n\n\n\n<div class=\"wp-block-columns is-layout-flex wp-container-core-columns-is-layout-9d6595d7 wp-block-columns-is-layout-flex\">\n<div class=\"wp-block-column is-vertically-aligned-center is-layout-flow wp-block-column-is-layout-flow\"><div class=\"wp-block-image\">\n<figure class=\"aligncenter size-full is-resized\"><img decoding=\"async\" src=\"https:\/\/sbac-pad2025.ufms.br\/wp-content\/uploads\/2025\/05\/sponsor_CNPq.png\" alt=\"\" class=\"wp-image-317\" style=\"width:191px;height:auto\"\/><\/figure>\n<\/div><\/div>\n\n\n\n<div class=\"wp-block-column is-vertically-aligned-center is-layout-flow wp-block-column-is-layout-flow\"><div class=\"wp-block-image\">\n<figure class=\"aligncenter size-full is-resized\"><img decoding=\"async\" src=\"https:\/\/sbac-pad2025.ufms.br\/wp-content\/uploads\/2025\/05\/sponsor_CAPES.png\" alt=\"\" class=\"wp-image-316\" style=\"width:170px;height:auto\"\/><\/figure>\n<\/div><\/div>\n<\/div>\n<\/div>\n<\/div>\n","protected":false},"excerpt":{"rendered":"<p>O Simp\u00f3sio de Sistemas Computacionais de Alto Desempenho (SSCAD) \u00e9 um evento anual que apresenta, desde o ano 2000, os principais desenvolvimentos, aplica\u00e7\u00f5es e tend\u00eancias nas \u00e1reas de Arquitetura de [&hellip;]<\/p>\n","protected":false},"author":1,"featured_media":0,"parent":0,"menu_order":0,"comment_status":"closed","ping_status":"closed","template":"","meta":{"_eb_attr":"","_starter_page_template":"blank","_wpcom_template_layout_category":["featured"],"footnotes":""},"class_list":["post-209","page","type-page","status-publish","hentry"],"_links":{"self":[{"href":"https:\/\/sscad2025.ufms.br\/index.php?rest_route=\/wp\/v2\/pages\/209","targetHints":{"allow":["GET"]}}],"collection":[{"href":"https:\/\/sscad2025.ufms.br\/index.php?rest_route=\/wp\/v2\/pages"}],"about":[{"href":"https:\/\/sscad2025.ufms.br\/index.php?rest_route=\/wp\/v2\/types\/page"}],"author":[{"embeddable":true,"href":"https:\/\/sscad2025.ufms.br\/index.php?rest_route=\/wp\/v2\/users\/1"}],"replies":[{"embeddable":true,"href":"https:\/\/sscad2025.ufms.br\/index.php?rest_route=%2Fwp%2Fv2%2Fcomments&post=209"}],"version-history":[{"count":5,"href":"https:\/\/sscad2025.ufms.br\/index.php?rest_route=\/wp\/v2\/pages\/209\/revisions"}],"predecessor-version":[{"id":664,"href":"https:\/\/sscad2025.ufms.br\/index.php?rest_route=\/wp\/v2\/pages\/209\/revisions\/664"}],"wp:attachment":[{"href":"https:\/\/sscad2025.ufms.br\/index.php?rest_route=%2Fwp%2Fv2%2Fmedia&parent=209"}],"curies":[{"name":"wp","href":"https:\/\/api.w.org\/{rel}","templated":true}]}}