{"id":309,"date":"2025-04-14T14:30:12","date_gmt":"2025-04-14T14:30:12","guid":{"rendered":"https:\/\/sscad2025.ufms.br\/?page_id=309"},"modified":"2025-10-15T17:20:54","modified_gmt":"2025-10-15T17:20:54","slug":"minicursos","status":"publish","type":"page","link":"https:\/\/sscad2025.ufms.br\/?page_id=309","title":{"rendered":"Minicursos"},"content":{"rendered":"\n<h4 class=\"wp-block-heading\">Chamada para Propostas de Minicursos<\/h4>\n\n\n\n<p><br>O Simp\u00f3sio de Sistemas Computacionais de Alto Desempenho (SSCAD \u2013 antigo WSCAD) \u00e9 um evento anual que apresenta, desde o ano 2000, os principais desenvolvimentos, aplica\u00e7\u00f5es e tend\u00eancias nas \u00e1reas de Arquitetura de Computadores, Processamento de Alto Desempenho e Sistemas Distribu\u00eddos. Em sua vig\u00e9sima sexta edi\u00e7\u00e3o, o SSCAD ser\u00e1 realizado em Bonito\/MS, no per\u00edodo de 28 a 31 de outubro de 2025.<\/p>\n\n\n\n<p>S\u00e3o bem-vindas propostas de minicursos em \u00e1reas recentes ou ainda pouco exploradas e em temas com grande potencial para atrair o interesse de estudantes, pesquisadores, professores e profissionais, de forma a melhor qualific\u00e1-los para suas pesquisas e\/ou mercado de trabalho. Poder\u00e3o ser submetidos minicursos sobre os temas sugeridos na Chamada de Trabalhos da Trilha Principal do SSCAD 2025&nbsp; [<a href=\"https:\/\/sscad2025.ufms.br\/?page_id=209\">https:\/\/sscad2025.ufms.br\/?page_id=209<\/a>] ou mesmo sobre outros temas que os proponentes julguem relevantes \u00e0 \u00e1rea de Arquitetura de Computadores, Processamento de Alto Desempenho e Sistemas Distribu\u00eddos.<\/p>\n\n\n\n<p>Os proponentes dos minicursos selecionados dever\u00e3o produzir um cap\u00edtulo para publica\u00e7\u00e3o no livro \u201cMinicursos do SSCAD 2025\u201d. O cap\u00edtulo deve ser redigido em portugu\u00eas ou ingl\u00eas e deve conter no m\u00ednimo 20 p\u00e1ginas, seguindo o formato da SBC, dispon\u00edvel em [<a href=\"https:\/\/www.sbc.org.br\/documentosinstitucionais\/#publicacoes\">https:\/\/www.sbc.org.br\/documentosinstitucionais\/#publicacoes<\/a>], na se\u00e7\u00e3o Publica\u00e7\u00f5es &gt; Templates para Artigos e Cap\u00edtulos de Livros &gt; Modelo para Publica\u00e7\u00e3o de Cap\u00edtulos de Livros.<br>O livro dos Minicursos do SSCAD 2025 ser\u00e1 publicado na SBC OpenLib (SOL), a biblioteca digital mantida pela Sociedade Brasileira de Computa\u00e7\u00e3o (SBC), e estar\u00e1 dispon\u00edvel gratuitamente para toda sociedade.<\/p>\n\n\n\n<p><\/p>\n\n\n\n<h4 class=\"wp-block-heading\"><strong>Submiss\u00e3o das Propostas<\/strong><\/h4>\n\n\n\n<p><br>A proposta de minicurso deve possuir 2 p\u00e1ginas, escrita seguindo os padr\u00f5es sugeridos para reda\u00e7\u00e3o de cap\u00edtulos de livros da Sociedade Brasileira de Computa\u00e7\u00e3o (SBC). Os arquivos dever\u00e3o ser submetidos em formato PDF no sistema JEMS [<a href=\"https:\/\/jems3.sbc.org.br\/sscad2025-minicursos\">https:\/\/jems3.sbc.org.br\/sscad2025-minicursos<\/a>].&nbsp;<\/p>\n\n\n\n<p>O texto da proposta deve conter as seguintes informa\u00e7\u00f5es:<\/p>\n\n\n\n<p><strong>Identifica\u00e7\u00e3o:<\/strong> t\u00edtulo do minicurso, identifica\u00e7\u00e3o dos autores (nome, endere\u00e7o, telefone, e-mail e link para o CV Lattes atualizado) e indica\u00e7\u00e3o do(s) apresentador(es) do minicurso;<\/p>\n\n\n\n<p><strong>Descri\u00e7\u00e3o do minicurso:<\/strong> argumenta\u00e7\u00e3o sobre a ader\u00eancia do tema do minicurso aos temas do SSCAD 2025, estrutura prevista do texto (esbo\u00e7o do curso, breve resumo dos t\u00f3picos\/se\u00e7\u00f5es que ser\u00e3o cobertas), bibliografia principal utilizada na prepara\u00e7\u00e3o do curso e infraestrutura necess\u00e1ria para a apresenta\u00e7\u00e3o.<\/p>\n\n\n\n<p>Os minicursos aprovados ser\u00e3o apresentados durante o evento. A dura\u00e7\u00e3o prevista de um minicurso \u00e9 de at\u00e9 3 horas. O material do minicurso, composto pelos slides e o cap\u00edtulo de livro, ser\u00e1 disponibilizado para os participantes do evento.<br>De acordo com as normas estabelecidas no edital de apoio a minicursos da CE-ACPAD da SBC [<a href=\"http:\/\/www2.sbc.org.br\/ce-acpad\/documentos\/\">http:\/\/www2.sbc.org.br\/ce-acpad\/documentos\/<\/a>], o proponente de um minicurso aprovado passa a ser eleg\u00edvel para pleitear aux\u00edlio financeiro destinado \u00e0 sua participa\u00e7\u00e3o no evento.<\/p>\n\n\n\n<h4 class=\"wp-block-heading\">Datas Importantes<\/h4>\n\n\n\n<ul class=\"wp-block-list\">\n<li><strong>Submiss\u00e3o das propostas de minicurso:<\/strong> <s>01\/08\/2025<\/s> <mark style=\"background-color:rgba(0, 0, 0, 0)\" class=\"has-inline-color has-vivid-red-color\">10\/08\/2025<\/mark> (firme)<\/li>\n<\/ul>\n\n\n\n<ul class=\"wp-block-list\">\n<li><strong>Divulga\u00e7\u00e3o das propostas aprovadas: <\/strong><s>15\/08\/2025<\/s> <mark style=\"background-color:rgba(0, 0, 0, 0)\" class=\"has-inline-color has-vivid-red-color\">19\/08\/2025<\/mark><\/li>\n<\/ul>\n\n\n\n<ul class=\"wp-block-list\">\n<li><strong>Envio da vers\u00e3o final do cap\u00edtulo e slides:<\/strong> <s>05\/10\/2025<\/s> <mark style=\"background-color:rgba(0, 0, 0, 0)\" class=\"has-inline-color has-vivid-red-color\">12\/10\/2025<\/mark><\/li>\n<\/ul>\n\n\n\n<ul class=\"wp-block-list\">\n<li><strong>Site do evento:<\/strong> <a href=\"https:\/\/sscad2025.ufms.br\/\">https:\/\/sscad2025.ufms.br\/<\/a><\/li>\n<\/ul>\n\n\n\n<p><\/p>\n\n\n\n<h4 class=\"wp-block-heading\">Minicursos Aceitos<\/h4>\n\n\n\n<ul class=\"wp-block-list\">\n<li>Mais Produtividade com LLMs, Engenharia de Prompt, Aprendizado de M\u00e1quina e GPUs (Ricardo dos Santos Ferreira &#8211; UFV)<\/li>\n\n\n\n<li>Implementing a new RISC-V Instruction with LLVM Compiler Infrastructure (Gustavo Leite (UNICAMP), Carlos Barbosa (UNICAMP), Herv\u00e9 Yviquel (UNICAMP) e Sandro Rigo (UNICAMP))<\/li>\n\n\n\n<li>Research Computing with High Performance and Accelerated Computing (Vinicius Batista (AWS))<\/li>\n\n\n\n<li>Tuning e depura\u00e7\u00e3o de aplica\u00e7\u00f5es em OpenMPI 5.0 (Aleardo Manacero Jr. (UNESP))<\/li>\n<\/ul>\n\n\n\n<p><\/p>\n\n\n\n<h4 class=\"wp-block-heading\"><strong>Coordena\u00e7\u00e3o dos Minicursos do SSCAD 2025:<\/strong><\/h4>\n\n\n\n<ul class=\"wp-block-list\">\n<li>Daniel Cordeiro (EACH-USP) \u2013 daniel.cordeiro@usp.br<\/li>\n<\/ul>\n\n\n\n<ul class=\"wp-block-list\">\n<li>Calebe Bianchini (Mackenzie) \u2013 calebe.bianchini@mackenzie.br<\/li>\n<\/ul>\n\n\n\n<hr class=\"wp-block-separator has-alpha-channel-opacity\"\/>\n\n\n\n<div class=\"wp-block-columns is-layout-flex wp-container-core-columns-is-layout-9d6595d7 wp-block-columns-is-layout-flex\">\n<div class=\"wp-block-column is-vertically-aligned-center is-layout-flow wp-block-column-is-layout-flow\">\n<h3 class=\"wp-block-heading has-text-align-center has-black-color has-text-color has-link-color wp-elements-152d382d0be4a7a434069af3a899364c\">Patrocinadores:<\/h3>\n\n\n\n<h4 class=\"wp-block-heading has-text-align-center has-black-color has-text-color has-link-color wp-elements-79880f1e14bf4264344e2eb53dda1cef\">Diamante:<\/h4>\n\n\n<div class=\"wp-block-image\">\n<figure class=\"aligncenter size-large is-resized\"><a href=\"https:\/\/aws.amazon.com\/\"><img fetchpriority=\"high\" decoding=\"async\" width=\"1024\" height=\"612\" src=\"https:\/\/sscad2025.ufms.br\/wp-content\/uploads\/2025\/05\/AWS_logo_RGB_BLK-1024x612.png\" alt=\"\" class=\"wp-image-337\" style=\"width:159px;height:auto\" srcset=\"https:\/\/sscad2025.ufms.br\/wp-content\/uploads\/2025\/05\/AWS_logo_RGB_BLK-1024x612.png 1024w, https:\/\/sscad2025.ufms.br\/wp-content\/uploads\/2025\/05\/AWS_logo_RGB_BLK-300x179.png 300w, https:\/\/sscad2025.ufms.br\/wp-content\/uploads\/2025\/05\/AWS_logo_RGB_BLK-768x459.png 768w, https:\/\/sscad2025.ufms.br\/wp-content\/uploads\/2025\/05\/AWS_logo_RGB_BLK-1536x918.png 1536w, https:\/\/sscad2025.ufms.br\/wp-content\/uploads\/2025\/05\/AWS_logo_RGB_BLK-2048x1224.png 2048w, https:\/\/sscad2025.ufms.br\/wp-content\/uploads\/2025\/05\/AWS_logo_RGB_BLK-1200x717.png 1200w\" sizes=\"(max-width: 1024px) 100vw, 1024px\" \/><\/a><\/figure>\n<\/div>\n\n\n<div class=\"wp-block-columns is-layout-flex wp-container-core-columns-is-layout-9d6595d7 wp-block-columns-is-layout-flex\">\n<div class=\"wp-block-column is-vertically-aligned-stretch is-layout-flow wp-block-column-is-layout-flow\"><div class=\"wp-block-image\">\n<figure class=\"aligncenter size-full\"><img decoding=\"async\" src=\"https:\/\/sbac-pad2025.ufms.br\/wp-content\/uploads\/2025\/10\/patrocinador_diamanteDellTechnologies_Nvidia-composto_cut.png\" alt=\"\" class=\"wp-image-861\"\/><\/figure>\n<\/div><\/div>\n<\/div>\n\n\n\n<hr class=\"wp-block-separator has-alpha-channel-opacity\"\/>\n\n\n\n<h4 class=\"wp-block-heading has-text-align-center has-black-color has-text-color has-link-color wp-elements-6faf45844d20f6e72f8f75e8534f241e\">Ouro:<\/h4>\n\n\n<div class=\"wp-block-image\">\n<figure class=\"aligncenter size-large is-resized\"><img decoding=\"async\" src=\"https:\/\/sbac-pad2025.ufms.br\/wp-content\/uploads\/2025\/10\/Logo-conjunto-NVIDIA-e-Versatus-colorido-1-1024x213.png\" alt=\"\" class=\"wp-image-742\" style=\"width:284px;height:auto\"\/><\/figure>\n<\/div>\n\n\n<hr class=\"wp-block-separator has-alpha-channel-opacity\"\/>\n\n\n\n<h4 class=\"wp-block-heading has-text-align-center has-black-color has-text-color has-link-color wp-elements-b9e04652cffca692d8b9678ae5f9428d\">Prata:<\/h4>\n\n\n\n<div class=\"wp-block-columns is-layout-flex wp-container-core-columns-is-layout-9d6595d7 wp-block-columns-is-layout-flex\">\n<div class=\"wp-block-column is-vertically-aligned-center is-layout-flow wp-block-column-is-layout-flow\"><div class=\"wp-block-image\">\n<figure class=\"aligncenter size-full is-resized\"><img decoding=\"async\" src=\"https:\/\/sbac-pad2025.ufms.br\/wp-content\/uploads\/2025\/10\/patrocinador_silver_scherm_cut.png\" alt=\"\" class=\"wp-image-858\" style=\"width:159px;height:auto\"\/><\/figure>\n<\/div><\/div>\n\n\n\n<div class=\"wp-block-column is-layout-flow wp-block-column-is-layout-flow\"><div class=\"wp-block-image\">\n<figure class=\"aligncenter size-full is-resized\"><img decoding=\"async\" src=\"https:\/\/sbac-pad2025.ufms.br\/wp-content\/uploads\/2025\/10\/patrocinador_prata_supermicro_cut.png\" alt=\"\" class=\"wp-image-859\" style=\"width:168px;height:auto\"\/><\/figure>\n<\/div><\/div>\n<\/div>\n\n\n<div class=\"wp-block-image\">\n<figure class=\"aligncenter size-full is-resized\"><img decoding=\"async\" src=\"https:\/\/sbac-pad2025.ufms.br\/wp-content\/uploads\/2025\/10\/kaiak-scaled.png\" alt=\"\" class=\"wp-image-856\" style=\"width:159px;height:auto\"\/><\/figure>\n<\/div>\n\n\n<hr class=\"wp-block-separator has-alpha-channel-opacity\"\/>\n\n\n\n<h3 class=\"wp-block-heading has-text-align-center has-black-color has-text-color has-link-color wp-elements-739d04852591a42b51453b1c62bd5bc8\">Parceiro:<\/h3>\n\n\n\n<div class=\"wp-block-columns are-vertically-aligned-center is-layout-flex wp-container-core-columns-is-layout-9d6595d7 wp-block-columns-is-layout-flex\">\n<div class=\"wp-block-column is-vertically-aligned-center is-layout-flow wp-block-column-is-layout-flow\"><div class=\"wp-block-image\">\n<figure class=\"aligncenter size-medium is-resized\"><img decoding=\"async\" src=\"https:\/\/sbac-pad2025.ufms.br\/wp-content\/uploads\/2025\/05\/H2O-300x300.png\" alt=\"\" class=\"wp-image-319\" style=\"object-fit:cover;width:104px;height:auto\"\/><\/figure>\n<\/div><\/div>\n<\/div>\n<\/div>\n\n\n\n<div class=\"wp-block-column is-vertically-aligned-top has-background is-layout-flow wp-block-column-is-layout-flow\" style=\"background-color:#f2f2f2\">\n<h3 class=\"wp-block-heading has-text-align-center has-black-color has-text-color has-link-color wp-elements-5dc98ebff3ce4de6dfc55803cb4c1339\">Organiza\u00e7\u00e3o:<\/h3>\n\n\n\n<div class=\"wp-block-columns is-layout-flex wp-container-core-columns-is-layout-9d6595d7 wp-block-columns-is-layout-flex\">\n<div class=\"wp-block-column is-layout-flow wp-block-column-is-layout-flow\"><div class=\"wp-block-image\">\n<figure class=\"aligncenter size-large is-resized\"><a href=\"https:\/\/www.ufms.br\"><img decoding=\"async\" width=\"783\" height=\"1024\" src=\"https:\/\/sscad2025.ufms.br\/wp-content\/uploads\/2025\/05\/sponsor_UFMS-1175x1536-1-783x1024.png\" alt=\"\" class=\"wp-image-335\" style=\"width:96px;height:auto\" srcset=\"https:\/\/sscad2025.ufms.br\/wp-content\/uploads\/2025\/05\/sponsor_UFMS-1175x1536-1-783x1024.png 783w, https:\/\/sscad2025.ufms.br\/wp-content\/uploads\/2025\/05\/sponsor_UFMS-1175x1536-1-229x300.png 229w, https:\/\/sscad2025.ufms.br\/wp-content\/uploads\/2025\/05\/sponsor_UFMS-1175x1536-1-768x1004.png 768w, https:\/\/sscad2025.ufms.br\/wp-content\/uploads\/2025\/05\/sponsor_UFMS-1175x1536-1.png 1175w\" sizes=\"(max-width: 783px) 100vw, 783px\" \/><\/a><\/figure>\n<\/div><\/div>\n\n\n\n<div class=\"wp-block-column is-layout-flow wp-block-column-is-layout-flow\"><div class=\"wp-block-image\">\n<figure class=\"aligncenter size-full is-resized\"><a href=\"https:\/\/www.unicamp.br\"><img decoding=\"async\" width=\"267\" height=\"300\" src=\"https:\/\/sscad2025.ufms.br\/wp-content\/uploads\/2025\/05\/sponsor_Unicamp.png\" alt=\"\" class=\"wp-image-336\" style=\"width:109px;height:auto\"\/><\/a><\/figure>\n<\/div><\/div>\n<\/div>\n\n\n\n<h3 class=\"wp-block-heading has-text-align-center has-black-color has-text-color has-link-color wp-elements-22ea08b78e56b9ffc4826c186ffe25e7\">Promo\u00e7\u00e3o:<\/h3>\n\n\n\n<div class=\"wp-block-columns is-layout-flex wp-container-core-columns-is-layout-9d6595d7 wp-block-columns-is-layout-flex\">\n<div class=\"wp-block-column is-layout-flow wp-block-column-is-layout-flow\"><div class=\"wp-block-image\">\n<figure class=\"aligncenter size-full is-resized\"><a href=\"https:\/\/www.sbc.org.br\"><img loading=\"lazy\" decoding=\"async\" width=\"147\" height=\"228\" src=\"https:\/\/sscad2025.ufms.br\/wp-content\/uploads\/2025\/05\/sbc_alt.png\" alt=\"\" class=\"wp-image-358\" style=\"width:105px;height:auto\"\/><\/a><\/figure>\n<\/div><\/div>\n\n\n\n<div class=\"wp-block-column is-vertically-aligned-center is-layout-flow wp-block-column-is-layout-flow\"><div class=\"wp-block-image\">\n<figure class=\"aligncenter size-large\"><a href=\"https:\/\/www.computer.org\"><img loading=\"lazy\" decoding=\"async\" width=\"1024\" height=\"313\" src=\"https:\/\/sscad2025.ufms.br\/wp-content\/uploads\/2025\/02\/sponsor_IEEE-1024x313.png\" alt=\"\" class=\"wp-image-102\" srcset=\"https:\/\/sscad2025.ufms.br\/wp-content\/uploads\/2025\/02\/sponsor_IEEE-1024x313.png 1024w, https:\/\/sscad2025.ufms.br\/wp-content\/uploads\/2025\/02\/sponsor_IEEE-300x92.png 300w, https:\/\/sscad2025.ufms.br\/wp-content\/uploads\/2025\/02\/sponsor_IEEE-768x235.png 768w, https:\/\/sscad2025.ufms.br\/wp-content\/uploads\/2025\/02\/sponsor_IEEE-1536x470.png 1536w, https:\/\/sscad2025.ufms.br\/wp-content\/uploads\/2025\/02\/sponsor_IEEE-2048x627.png 2048w\" sizes=\"(max-width: 1024px) 100vw, 1024px\" \/><\/a><\/figure>\n<\/div><\/div>\n<\/div>\n\n\n<div class=\"wp-block-image\">\n<figure class=\"aligncenter size-large is-resized\"><a href=\"https:\/\/www2.sbc.org.br\/ce-acpad\/\"><img decoding=\"async\" src=\"https:\/\/sbac-pad2025.ufms.br\/wp-content\/uploads\/2025\/08\/CEACPAD-LOGOTIPO-PRINCIPAL-01-1024x162.png\" alt=\"\" class=\"wp-image-451\" style=\"width:354px;height:auto\"\/><\/a><\/figure>\n<\/div>\n\n\n<h3 class=\"wp-block-heading has-text-align-center has-black-color has-text-color has-link-color wp-elements-15d349d2a3aa2b480b7c6487797bf9c1\">Financiamento:<\/h3>\n\n\n\n<div class=\"wp-block-columns is-layout-flex wp-container-core-columns-is-layout-9d6595d7 wp-block-columns-is-layout-flex\">\n<div class=\"wp-block-column is-vertically-aligned-center is-layout-flow wp-block-column-is-layout-flow\"><div class=\"wp-block-image\">\n<figure class=\"aligncenter size-full is-resized\"><img decoding=\"async\" src=\"https:\/\/sbac-pad2025.ufms.br\/wp-content\/uploads\/2025\/05\/sponsor_CNPq.png\" alt=\"\" class=\"wp-image-317\" style=\"width:191px;height:auto\"\/><\/figure>\n<\/div><\/div>\n\n\n\n<div class=\"wp-block-column is-vertically-aligned-center is-layout-flow wp-block-column-is-layout-flow\"><div class=\"wp-block-image\">\n<figure class=\"aligncenter size-full is-resized\"><img decoding=\"async\" src=\"https:\/\/sbac-pad2025.ufms.br\/wp-content\/uploads\/2025\/05\/sponsor_CAPES.png\" alt=\"\" class=\"wp-image-316\" style=\"width:170px;height:auto\"\/><\/figure>\n<\/div><\/div>\n<\/div>\n<\/div>\n<\/div>\n","protected":false},"excerpt":{"rendered":"<p>Chamada para Propostas de Minicursos O Simp\u00f3sio de Sistemas Computacionais de Alto Desempenho (SSCAD \u2013 antigo WSCAD) \u00e9 um evento anual que apresenta, desde o ano 2000, os principais desenvolvimentos, [&hellip;]<\/p>\n","protected":false},"author":2,"featured_media":0,"parent":0,"menu_order":0,"comment_status":"closed","ping_status":"closed","template":"","meta":{"_eb_attr":"","_starter_page_template":"blank","_wpcom_template_layout_category":["featured"],"footnotes":""},"class_list":["post-309","page","type-page","status-publish","hentry"],"_links":{"self":[{"href":"https:\/\/sscad2025.ufms.br\/index.php?rest_route=\/wp\/v2\/pages\/309","targetHints":{"allow":["GET"]}}],"collection":[{"href":"https:\/\/sscad2025.ufms.br\/index.php?rest_route=\/wp\/v2\/pages"}],"about":[{"href":"https:\/\/sscad2025.ufms.br\/index.php?rest_route=\/wp\/v2\/types\/page"}],"author":[{"embeddable":true,"href":"https:\/\/sscad2025.ufms.br\/index.php?rest_route=\/wp\/v2\/users\/2"}],"replies":[{"embeddable":true,"href":"https:\/\/sscad2025.ufms.br\/index.php?rest_route=%2Fwp%2Fv2%2Fcomments&post=309"}],"version-history":[{"count":5,"href":"https:\/\/sscad2025.ufms.br\/index.php?rest_route=\/wp\/v2\/pages\/309\/revisions"}],"predecessor-version":[{"id":672,"href":"https:\/\/sscad2025.ufms.br\/index.php?rest_route=\/wp\/v2\/pages\/309\/revisions\/672"}],"wp:attachment":[{"href":"https:\/\/sscad2025.ufms.br\/index.php?rest_route=%2Fwp%2Fv2%2Fmedia&parent=309"}],"curies":[{"name":"wp","href":"https:\/\/api.w.org\/{rel}","templated":true}]}}