{"id":340,"date":"2025-05-08T14:35:19","date_gmt":"2025-05-08T14:35:19","guid":{"rendered":"https:\/\/sscad2025.ufms.br\/?page_id=340"},"modified":"2025-10-15T17:20:06","modified_gmt":"2025-10-15T17:20:06","slug":"hospedagem","status":"publish","type":"page","link":"https:\/\/sscad2025.ufms.br\/?page_id=340","title":{"rendered":"Hospedagem"},"content":{"rendered":"\n<p>O simp\u00f3sio ser\u00e1 realizado no <a href=\"https:\/\/zagaia.com.br\/\" data-type=\"link\" data-id=\"https:\/\/www.wetigahotel.com.br\/\">Zagaia Eco Resort<\/a> que est\u00e1 na Rodovia Bonito Tr\u00eas Morros \u2013 Km Zero, a 5 minutos do centro de Bonito e \u00e9 o hotel oficial do evento.<\/p>\n\n\n\n<p>Assim que cruzar o portal do Zagaia voc\u00ea sentir\u00e1 a energia vibrante da natureza de Bonito: 600.000m\u00b2 de \u00e1rea plana, com o contorno da Serra da Bodoquena ao fundo, uma vis\u00e3o magn\u00edfica.<\/p>\n\n\n\n<p>Tudo isso ser\u00e1 seu enquanto estiver no resort, para curtir de muitas maneiras diferentes, divertidas, saborosas e surpreendentes.<\/p>\n\n\n\n<div class=\"wp-block-carousel-slider-slider\"><div class=\"carousel-slider-outer carousel-slider-outer-image-carousel carousel-slider-outer-202\" style=\"--carousel-slider-nav-color:#f1f1f1;--carousel-slider-active-nav-color:#00d1b2;--carousel-slider-arrow-size:48px;--carousel-slider-bullet-size:10px\">\n<div id=\"&#039;id-202\" class=\"carousel-slider carousel-slider-202 arrows-visibility-hover dots-visibility-hover arrows-inside dots-center dots-circle owl-carousel\" data-slide-type=\"image-carousel\" data-owl-settings='{\"nav\":true,\"dots\":true,\"slideBy\":1,\"stagePadding\":0,\"margin\":10,\"loop\":true,\"lazyLoad\":false,\"autoplay\":true,\"autoplayTimeout\":5000,\"autoplaySpeed\":500,\"autoplayHoverPause\":true,\"autoWidth\":false,\"responsive\":{\"300\":{\"items\":1},\"576\":{\"items\":2},\"768\":{\"items\":2},\"1024\":{\"items\":3},\"1280\":{\"items\":4},\"1536\":{\"items\":5}}}'>\n<div class=\"carousel-slider__item\">\n\t<img fetchpriority=\"high\" decoding=\"async\" width=\"640\" height=\"434\" src=\"https:\/\/sscad2025.ufms.br\/wp-content\/uploads\/2025\/02\/Zagaia-quadras-iluminadas-768x521.png\" class=\"attachment-medium_large size-medium_large\" alt=\"\" srcset=\"https:\/\/sscad2025.ufms.br\/wp-content\/uploads\/2025\/02\/Zagaia-quadras-iluminadas-768x521.png 768w, https:\/\/sscad2025.ufms.br\/wp-content\/uploads\/2025\/02\/Zagaia-quadras-iluminadas-300x204.png 300w, https:\/\/sscad2025.ufms.br\/wp-content\/uploads\/2025\/02\/Zagaia-quadras-iluminadas-1024x695.png 1024w, https:\/\/sscad2025.ufms.br\/wp-content\/uploads\/2025\/02\/Zagaia-quadras-iluminadas.png 1084w\" sizes=\"(max-width: 640px) 100vw, 640px\" \/><\/a><\/div>\n\n<div class=\"carousel-slider__item\">\n\t<img decoding=\"async\" width=\"640\" height=\"427\" src=\"https:\/\/sscad2025.ufms.br\/wp-content\/uploads\/2025\/02\/eventos_bloco2_foto1_karuha.jpg\" class=\"attachment-medium_large size-medium_large\" alt=\"\" srcset=\"https:\/\/sscad2025.ufms.br\/wp-content\/uploads\/2025\/02\/eventos_bloco2_foto1_karuha.jpg 750w, https:\/\/sscad2025.ufms.br\/wp-content\/uploads\/2025\/02\/eventos_bloco2_foto1_karuha-300x200.jpg 300w, https:\/\/sscad2025.ufms.br\/wp-content\/uploads\/2025\/02\/eventos_bloco2_foto1_karuha-600x400.jpg 600w\" sizes=\"(max-width: 640px) 100vw, 640px\" \/><\/a><\/div>\n\n<div class=\"carousel-slider__item\">\n\t<img decoding=\"async\" width=\"640\" height=\"427\" src=\"https:\/\/sscad2025.ufms.br\/wp-content\/uploads\/2025\/02\/karuha-escolar.jpg\" class=\"attachment-medium_large size-medium_large\" alt=\"\" srcset=\"https:\/\/sscad2025.ufms.br\/wp-content\/uploads\/2025\/02\/karuha-escolar.jpg 750w, https:\/\/sscad2025.ufms.br\/wp-content\/uploads\/2025\/02\/karuha-escolar-300x200.jpg 300w, https:\/\/sscad2025.ufms.br\/wp-content\/uploads\/2025\/02\/karuha-escolar-600x400.jpg 600w\" sizes=\"(max-width: 640px) 100vw, 640px\" \/><\/a><\/div>\n\n<div class=\"carousel-slider__item\">\n\t<img loading=\"lazy\" decoding=\"async\" width=\"640\" height=\"427\" src=\"https:\/\/sscad2025.ufms.br\/wp-content\/uploads\/2025\/02\/Kadiweu-escolar.jpg\" class=\"attachment-medium_large size-medium_large\" alt=\"\" srcset=\"https:\/\/sscad2025.ufms.br\/wp-content\/uploads\/2025\/02\/Kadiweu-escolar.jpg 750w, https:\/\/sscad2025.ufms.br\/wp-content\/uploads\/2025\/02\/Kadiweu-escolar-300x200.jpg 300w, https:\/\/sscad2025.ufms.br\/wp-content\/uploads\/2025\/02\/Kadiweu-escolar-600x400.jpg 600w\" sizes=\"(max-width: 640px) 100vw, 640px\" \/><\/a><\/div>\n\n<\/div><!-- .carousel-slider-202 -->\n<\/div><!-- .carousel-slider-outer-202 -->\n<\/div>\n\n\n\n<hr class=\"wp-block-separator has-alpha-channel-opacity\"\/>\n\n\n\n<p>Participantes do SSCAD 2025 podem reservar sua hospedagem no hotel Zagaia com tarifas exclusivas e um promocode. <\/p>\n\n\n\n<p><em>Essas tarifas e o promocode ser\u00e3o v\u00e1lidos apenas se a reserva forem realizadas at\u00e9 do dia 30 de setembro e para o per\u00edodo do evento (27\/10 a 31\/10)<\/em>. <\/p>\n\n\n\n<p><strong>C\u00f3digo de grupo: 48181.<\/strong><\/p>\n\n\n\n<p>Como acessar ao tarif\u00e1rio com o c\u00f3digo de grupo:<\/p>\n\n\n\n<p>-&gt; Acesse ao site: <a href=\"http:\/\/www.zagaia.com.br\" data-type=\"link\" data-id=\"www.zagaia.com.br\">www.zagaia.com.br<\/a>.<\/p>\n\n\n\n<p>-&gt; Clique em &#8211; <strong>RESERVAR AGORA<\/strong>.<\/p>\n\n\n\n<p>-&gt; Insira o per\u00edodo da hospedagem, a quantidade de adultos e crian\u00e7as.<\/p>\n\n\n\n<p>\u2060-&gt; Clique no bot\u00e3o amarelo abaixo <strong>&#8220;RESERVAR AGORA&#8221;<\/strong>.<\/p>\n\n\n\n<p>-&gt; O sistema retornar\u00e1 com as categorias dispon\u00edveis e os valores.<\/p>\n\n\n\n<p>-&gt; \u2060Insira no campo <strong>&#8220;TENHO UM C\u00d3DIGO&#8221;<\/strong> e em <strong>&#8220;C\u00d3DIGO DE GRUPO&#8221;<\/strong> o c\u00f3digo: <strong>48181<\/strong>, clique em aplicar e em seguida buscar \u2013 o sistema informar\u00e1 a tarifa especial do evento.<\/p>\n\n\n\n<p>-&gt; Escolha a categoria que deseja reservar e clique em <strong>&#8220;ESCOLHER&#8221;<\/strong>.<\/p>\n\n\n\n<p>-&gt; Em seguida em <strong>&#8220;RESERVAR AGORA&#8221;<\/strong>.<\/p>\n\n\n\n<p>-&gt; Nesse momento o sistema apresentar\u00e1 o valor final j\u00e1 com as taxas inclusas.<\/p>\n\n\n\n<p>-&gt; \u2060Siga para <strong>&#8220;DADOS PESSOAIS&#8221;<\/strong>, insira os dados e siga para finalizar em <strong>&#8220;IR PARA PAGAMENTO&#8221;<\/strong>.<\/p>\n\n\n\n<hr class=\"wp-block-separator has-alpha-channel-opacity\"\/>\n\n\n\n<p>Outras op\u00e7\u00f5es de hospedagem e seus valores para participantes do SSCAD 2025 est\u00e3o listadas abaixo. <strong>\u00c9 importante entrar em contato com a Ag\u00eancia Oficial do Evento, a H2O Ecoturismo e Eventos para garantir esses valores<\/strong>.<\/p>\n\n\n\n<ul class=\"wp-block-list\">\n<li>Bonito Ecotel:\n<ul class=\"wp-block-list\">\n<li>Single: R$ 426,00<\/li>\n\n\n\n<li>Duplo: R$ 470,00<\/li>\n\n\n\n<li>Triplo: R$ 556,00<\/li>\n<\/ul>\n<\/li>\n\n\n\n<li>Para\u00edso das \u00c1guas:\n<ul class=\"wp-block-list\">\n<li>Single: R$ 280,00<\/li>\n\n\n\n<li>Duplo: R$ 428,00<\/li>\n\n\n\n<li>Triplo: R$ 610,00<\/li>\n<\/ul>\n<\/li>\n\n\n\n<li>Hotel da Pra\u00e7a:\n<ul class=\"wp-block-list\">\n<li>Single: R$ 300,00<\/li>\n\n\n\n<li>Duplo: R$ 450,00<\/li>\n\n\n\n<li>Triplo: R$ 585,00<\/li>\n<\/ul>\n<\/li>\n\n\n\n<li>Promenade:\n<ul class=\"wp-block-list\">\n<li>Single: R$ 351,00<\/li>\n\n\n\n<li>Duplo: R$ 440,00<\/li>\n\n\n\n<li>Triplo: R$ 587,00<\/li>\n<\/ul>\n<\/li>\n\n\n\n<li>The Garden:\n<ul class=\"wp-block-list\">\n<li>Single: R$ 465,00<\/li>\n\n\n\n<li>Duplo: R$ 571,00<\/li>\n\n\n\n<li>Triplo: R$ 665,00<\/li>\n<\/ul>\n<\/li>\n\n\n\n<li>Solar do Cerrado:\n<ul class=\"wp-block-list\">\n<li>Single: R$ 288,00<\/li>\n\n\n\n<li>Duplo: R$ 288,00<\/li>\n\n\n\n<li>Triplo: R$ 420,00<\/li>\n<\/ul>\n<\/li>\n\n\n\n<li>SESC-Master:\n<ul class=\"wp-block-list\">\n<li>Single: R$ 174,00<\/li>\n\n\n\n<li>Duplo: R$ 264,00<\/li>\n\n\n\n<li>Triplo: R$ 205,00<\/li>\n<\/ul>\n<\/li>\n\n\n\n<li>SESC-Cont\u00eainer:\n<ul class=\"wp-block-list\">\n<li>Single: R$ 108,00<\/li>\n\n\n\n<li>Duplo: R$ 168,00<\/li>\n\n\n\n<li>Triplo: R$ 216,00<\/li>\n<\/ul>\n<\/li>\n<\/ul>\n\n\n\n<hr class=\"wp-block-separator has-alpha-channel-opacity\"\/>\n\n\n\n<p>Para mais informa\u00e7\u00f5es, entre em contato:<\/p>\n\n\n\n<p>H2O Ecoturismo e Eventos<br>Milena: +55 67 9129-7775<br>Iza: +55 67 99258-0052<\/p>\n\n\n\n<p>E-mail: reservas@h2oecoturismo.com.br<\/p>\n\n\n\n<p>Site:<a href=\"https:\/\/www.h2oecoturismo.com.br\/\" target=\"_blank\" rel=\"noreferrer noopener\">&nbsp;https:\/\/www.h2oecoturismo.com.br<\/a><\/p>\n\n\n\n<hr class=\"wp-block-separator has-alpha-channel-opacity\"\/>\n\n\n\n<div class=\"wp-block-columns is-layout-flex wp-container-core-columns-is-layout-9d6595d7 wp-block-columns-is-layout-flex\">\n<div class=\"wp-block-column is-vertically-aligned-center is-layout-flow wp-block-column-is-layout-flow\">\n<h3 class=\"wp-block-heading has-text-align-center has-black-color has-text-color has-link-color wp-elements-152d382d0be4a7a434069af3a899364c\">Patrocinadores:<\/h3>\n\n\n\n<h4 class=\"wp-block-heading has-text-align-center has-black-color has-text-color has-link-color wp-elements-79880f1e14bf4264344e2eb53dda1cef\">Diamante:<\/h4>\n\n\n<div class=\"wp-block-image\">\n<figure class=\"aligncenter size-large is-resized\"><a href=\"https:\/\/aws.amazon.com\/\"><img loading=\"lazy\" decoding=\"async\" width=\"1024\" height=\"612\" src=\"https:\/\/sscad2025.ufms.br\/wp-content\/uploads\/2025\/05\/AWS_logo_RGB_BLK-1024x612.png\" alt=\"\" class=\"wp-image-337\" style=\"width:159px;height:auto\" srcset=\"https:\/\/sscad2025.ufms.br\/wp-content\/uploads\/2025\/05\/AWS_logo_RGB_BLK-1024x612.png 1024w, https:\/\/sscad2025.ufms.br\/wp-content\/uploads\/2025\/05\/AWS_logo_RGB_BLK-300x179.png 300w, https:\/\/sscad2025.ufms.br\/wp-content\/uploads\/2025\/05\/AWS_logo_RGB_BLK-768x459.png 768w, https:\/\/sscad2025.ufms.br\/wp-content\/uploads\/2025\/05\/AWS_logo_RGB_BLK-1536x918.png 1536w, https:\/\/sscad2025.ufms.br\/wp-content\/uploads\/2025\/05\/AWS_logo_RGB_BLK-2048x1224.png 2048w, https:\/\/sscad2025.ufms.br\/wp-content\/uploads\/2025\/05\/AWS_logo_RGB_BLK-1200x717.png 1200w\" sizes=\"(max-width: 1024px) 100vw, 1024px\" \/><\/a><\/figure>\n<\/div>\n\n\n<div class=\"wp-block-columns is-layout-flex wp-container-core-columns-is-layout-9d6595d7 wp-block-columns-is-layout-flex\">\n<div class=\"wp-block-column is-vertically-aligned-stretch is-layout-flow wp-block-column-is-layout-flow\"><div class=\"wp-block-image\">\n<figure class=\"aligncenter size-full\"><img decoding=\"async\" src=\"https:\/\/sbac-pad2025.ufms.br\/wp-content\/uploads\/2025\/10\/patrocinador_diamanteDellTechnologies_Nvidia-composto_cut.png\" alt=\"\" class=\"wp-image-861\"\/><\/figure>\n<\/div><\/div>\n<\/div>\n\n\n\n<hr class=\"wp-block-separator has-alpha-channel-opacity\"\/>\n\n\n\n<h4 class=\"wp-block-heading has-text-align-center has-black-color has-text-color has-link-color wp-elements-6faf45844d20f6e72f8f75e8534f241e\">Ouro:<\/h4>\n\n\n<div class=\"wp-block-image\">\n<figure class=\"aligncenter size-large is-resized\"><img decoding=\"async\" src=\"https:\/\/sbac-pad2025.ufms.br\/wp-content\/uploads\/2025\/10\/Logo-conjunto-NVIDIA-e-Versatus-colorido-1-1024x213.png\" alt=\"\" class=\"wp-image-742\" style=\"width:284px;height:auto\"\/><\/figure>\n<\/div>\n\n\n<hr class=\"wp-block-separator has-alpha-channel-opacity\"\/>\n\n\n\n<h4 class=\"wp-block-heading has-text-align-center has-black-color has-text-color has-link-color wp-elements-b9e04652cffca692d8b9678ae5f9428d\">Prata:<\/h4>\n\n\n\n<div class=\"wp-block-columns is-layout-flex wp-container-core-columns-is-layout-9d6595d7 wp-block-columns-is-layout-flex\">\n<div class=\"wp-block-column is-vertically-aligned-center is-layout-flow wp-block-column-is-layout-flow\"><div class=\"wp-block-image\">\n<figure class=\"aligncenter size-full is-resized\"><img decoding=\"async\" src=\"https:\/\/sbac-pad2025.ufms.br\/wp-content\/uploads\/2025\/10\/patrocinador_silver_scherm_cut.png\" alt=\"\" class=\"wp-image-858\" style=\"width:159px;height:auto\"\/><\/figure>\n<\/div><\/div>\n\n\n\n<div class=\"wp-block-column is-layout-flow wp-block-column-is-layout-flow\"><div class=\"wp-block-image\">\n<figure class=\"aligncenter size-full is-resized\"><img decoding=\"async\" src=\"https:\/\/sbac-pad2025.ufms.br\/wp-content\/uploads\/2025\/10\/patrocinador_prata_supermicro_cut.png\" alt=\"\" class=\"wp-image-859\" style=\"width:168px;height:auto\"\/><\/figure>\n<\/div><\/div>\n<\/div>\n\n\n<div class=\"wp-block-image\">\n<figure class=\"aligncenter size-full is-resized\"><img decoding=\"async\" src=\"https:\/\/sbac-pad2025.ufms.br\/wp-content\/uploads\/2025\/10\/kaiak-scaled.png\" alt=\"\" class=\"wp-image-856\" style=\"width:159px;height:auto\"\/><\/figure>\n<\/div>\n\n\n<hr class=\"wp-block-separator has-alpha-channel-opacity\"\/>\n\n\n\n<h3 class=\"wp-block-heading has-text-align-center has-black-color has-text-color has-link-color wp-elements-739d04852591a42b51453b1c62bd5bc8\">Parceiro:<\/h3>\n\n\n\n<div class=\"wp-block-columns are-vertically-aligned-center is-layout-flex wp-container-core-columns-is-layout-9d6595d7 wp-block-columns-is-layout-flex\">\n<div class=\"wp-block-column is-vertically-aligned-center is-layout-flow wp-block-column-is-layout-flow\"><div class=\"wp-block-image\">\n<figure class=\"aligncenter size-medium is-resized\"><img decoding=\"async\" src=\"https:\/\/sbac-pad2025.ufms.br\/wp-content\/uploads\/2025\/05\/H2O-300x300.png\" alt=\"\" class=\"wp-image-319\" style=\"object-fit:cover;width:104px;height:auto\"\/><\/figure>\n<\/div><\/div>\n<\/div>\n<\/div>\n\n\n\n<div class=\"wp-block-column is-vertically-aligned-top has-background is-layout-flow wp-block-column-is-layout-flow\" style=\"background-color:#f2f2f2\">\n<h3 class=\"wp-block-heading has-text-align-center has-black-color has-text-color has-link-color wp-elements-5dc98ebff3ce4de6dfc55803cb4c1339\">Organiza\u00e7\u00e3o:<\/h3>\n\n\n\n<div class=\"wp-block-columns is-layout-flex wp-container-core-columns-is-layout-9d6595d7 wp-block-columns-is-layout-flex\">\n<div class=\"wp-block-column is-layout-flow wp-block-column-is-layout-flow\"><div class=\"wp-block-image\">\n<figure class=\"aligncenter size-large is-resized\"><a href=\"https:\/\/www.ufms.br\"><img loading=\"lazy\" decoding=\"async\" width=\"783\" height=\"1024\" src=\"https:\/\/sscad2025.ufms.br\/wp-content\/uploads\/2025\/05\/sponsor_UFMS-1175x1536-1-783x1024.png\" alt=\"\" class=\"wp-image-335\" style=\"width:96px;height:auto\" srcset=\"https:\/\/sscad2025.ufms.br\/wp-content\/uploads\/2025\/05\/sponsor_UFMS-1175x1536-1-783x1024.png 783w, https:\/\/sscad2025.ufms.br\/wp-content\/uploads\/2025\/05\/sponsor_UFMS-1175x1536-1-229x300.png 229w, https:\/\/sscad2025.ufms.br\/wp-content\/uploads\/2025\/05\/sponsor_UFMS-1175x1536-1-768x1004.png 768w, https:\/\/sscad2025.ufms.br\/wp-content\/uploads\/2025\/05\/sponsor_UFMS-1175x1536-1.png 1175w\" sizes=\"(max-width: 783px) 100vw, 783px\" \/><\/a><\/figure>\n<\/div><\/div>\n\n\n\n<div class=\"wp-block-column is-layout-flow wp-block-column-is-layout-flow\"><div class=\"wp-block-image\">\n<figure class=\"aligncenter size-full is-resized\"><a href=\"https:\/\/www.unicamp.br\"><img loading=\"lazy\" decoding=\"async\" width=\"267\" height=\"300\" src=\"https:\/\/sscad2025.ufms.br\/wp-content\/uploads\/2025\/05\/sponsor_Unicamp.png\" alt=\"\" class=\"wp-image-336\" style=\"width:109px;height:auto\"\/><\/a><\/figure>\n<\/div><\/div>\n<\/div>\n\n\n\n<h3 class=\"wp-block-heading has-text-align-center has-black-color has-text-color has-link-color wp-elements-22ea08b78e56b9ffc4826c186ffe25e7\">Promo\u00e7\u00e3o:<\/h3>\n\n\n\n<div class=\"wp-block-columns is-layout-flex wp-container-core-columns-is-layout-9d6595d7 wp-block-columns-is-layout-flex\">\n<div class=\"wp-block-column is-layout-flow wp-block-column-is-layout-flow\"><div class=\"wp-block-image\">\n<figure class=\"aligncenter size-full is-resized\"><a href=\"https:\/\/www.sbc.org.br\"><img loading=\"lazy\" decoding=\"async\" width=\"147\" height=\"228\" src=\"https:\/\/sscad2025.ufms.br\/wp-content\/uploads\/2025\/05\/sbc_alt.png\" alt=\"\" class=\"wp-image-358\" style=\"width:105px;height:auto\"\/><\/a><\/figure>\n<\/div><\/div>\n\n\n\n<div class=\"wp-block-column is-vertically-aligned-center is-layout-flow wp-block-column-is-layout-flow\"><div class=\"wp-block-image\">\n<figure class=\"aligncenter size-large\"><a href=\"https:\/\/www.computer.org\"><img loading=\"lazy\" decoding=\"async\" width=\"1024\" height=\"313\" src=\"https:\/\/sscad2025.ufms.br\/wp-content\/uploads\/2025\/02\/sponsor_IEEE-1024x313.png\" alt=\"\" class=\"wp-image-102\" srcset=\"https:\/\/sscad2025.ufms.br\/wp-content\/uploads\/2025\/02\/sponsor_IEEE-1024x313.png 1024w, https:\/\/sscad2025.ufms.br\/wp-content\/uploads\/2025\/02\/sponsor_IEEE-300x92.png 300w, https:\/\/sscad2025.ufms.br\/wp-content\/uploads\/2025\/02\/sponsor_IEEE-768x235.png 768w, https:\/\/sscad2025.ufms.br\/wp-content\/uploads\/2025\/02\/sponsor_IEEE-1536x470.png 1536w, https:\/\/sscad2025.ufms.br\/wp-content\/uploads\/2025\/02\/sponsor_IEEE-2048x627.png 2048w\" sizes=\"(max-width: 1024px) 100vw, 1024px\" \/><\/a><\/figure>\n<\/div><\/div>\n<\/div>\n\n\n<div class=\"wp-block-image\">\n<figure class=\"aligncenter size-large is-resized\"><a href=\"https:\/\/www2.sbc.org.br\/ce-acpad\/\"><img decoding=\"async\" src=\"https:\/\/sbac-pad2025.ufms.br\/wp-content\/uploads\/2025\/08\/CEACPAD-LOGOTIPO-PRINCIPAL-01-1024x162.png\" alt=\"\" class=\"wp-image-451\" style=\"width:354px;height:auto\"\/><\/a><\/figure>\n<\/div>\n\n\n<h3 class=\"wp-block-heading has-text-align-center has-black-color has-text-color has-link-color wp-elements-15d349d2a3aa2b480b7c6487797bf9c1\">Financiamento:<\/h3>\n\n\n\n<div class=\"wp-block-columns is-layout-flex wp-container-core-columns-is-layout-9d6595d7 wp-block-columns-is-layout-flex\">\n<div class=\"wp-block-column is-vertically-aligned-center is-layout-flow wp-block-column-is-layout-flow\"><div class=\"wp-block-image\">\n<figure class=\"aligncenter size-full is-resized\"><img decoding=\"async\" src=\"https:\/\/sbac-pad2025.ufms.br\/wp-content\/uploads\/2025\/05\/sponsor_CNPq.png\" alt=\"\" class=\"wp-image-317\" style=\"width:191px;height:auto\"\/><\/figure>\n<\/div><\/div>\n\n\n\n<div class=\"wp-block-column is-vertically-aligned-center is-layout-flow wp-block-column-is-layout-flow\"><div class=\"wp-block-image\">\n<figure class=\"aligncenter size-full is-resized\"><img decoding=\"async\" src=\"https:\/\/sbac-pad2025.ufms.br\/wp-content\/uploads\/2025\/05\/sponsor_CAPES.png\" alt=\"\" class=\"wp-image-316\" style=\"width:170px;height:auto\"\/><\/figure>\n<\/div><\/div>\n<\/div>\n<\/div>\n<\/div>\n","protected":false},"excerpt":{"rendered":"<p>O simp\u00f3sio ser\u00e1 realizado no Zagaia Eco Resort que est\u00e1 na Rodovia Bonito Tr\u00eas Morros \u2013 Km Zero, a 5 minutos do centro de Bonito e \u00e9 o hotel oficial [&hellip;]<\/p>\n","protected":false},"author":1,"featured_media":0,"parent":0,"menu_order":0,"comment_status":"closed","ping_status":"closed","template":"","meta":{"_eb_attr":"","_starter_page_template":"","_wpcom_template_layout_category":[],"footnotes":""},"class_list":["post-340","page","type-page","status-publish","hentry"],"_links":{"self":[{"href":"https:\/\/sscad2025.ufms.br\/index.php?rest_route=\/wp\/v2\/pages\/340","targetHints":{"allow":["GET"]}}],"collection":[{"href":"https:\/\/sscad2025.ufms.br\/index.php?rest_route=\/wp\/v2\/pages"}],"about":[{"href":"https:\/\/sscad2025.ufms.br\/index.php?rest_route=\/wp\/v2\/types\/page"}],"author":[{"embeddable":true,"href":"https:\/\/sscad2025.ufms.br\/index.php?rest_route=\/wp\/v2\/users\/1"}],"replies":[{"embeddable":true,"href":"https:\/\/sscad2025.ufms.br\/index.php?rest_route=%2Fwp%2Fv2%2Fcomments&post=340"}],"version-history":[{"count":5,"href":"https:\/\/sscad2025.ufms.br\/index.php?rest_route=\/wp\/v2\/pages\/340\/revisions"}],"predecessor-version":[{"id":669,"href":"https:\/\/sscad2025.ufms.br\/index.php?rest_route=\/wp\/v2\/pages\/340\/revisions\/669"}],"wp:attachment":[{"href":"https:\/\/sscad2025.ufms.br\/index.php?rest_route=%2Fwp%2Fv2%2Fmedia&parent=340"}],"curies":[{"name":"wp","href":"https:\/\/api.w.org\/{rel}","templated":true}]}}