{"id":427,"date":"2025-05-20T14:16:51","date_gmt":"2025-05-20T14:16:51","guid":{"rendered":"https:\/\/sscad2025.ufms.br\/?page_id=427"},"modified":"2025-10-15T17:18:47","modified_gmt":"2025-10-15T17:18:47","slug":"chamada-de-trabalhos-workshop-sobre-educacao-em-arquitetura-de-computadores-weac","status":"publish","type":"page","link":"https:\/\/sscad2025.ufms.br\/?page_id=427","title":{"rendered":"Chamada de Trabalhos &#8211; Workshop sobre Educa\u00e7\u00e3o em Arquitetura de Computadores (WEAC)"},"content":{"rendered":"\n<p>O Workshop sobre Educa\u00e7\u00e3o em Arquitetura de Computadores (WEAC) \u00e9 um evento anual, realizado desde 2006, que apresenta artigos t\u00e9cnico cient\u00edficos abordando os mais variados aspectos relacionados \u00e0 educa\u00e7\u00e3o em arquitetura de computadores, incluindo computa\u00e7\u00e3o paralela, computa\u00e7\u00e3o de alto desempenho e sistemas de computa\u00e7\u00e3o.<\/p>\n\n\n\n<p>Em sua d\u00e9cima nona edi\u00e7\u00e3o, o WEAC 2025 ser\u00e1 realizado em paralelo com o Simp\u00f3sio de Sistemas Computacionais de Alto Desempenho (SSCAD) e seus demais workshops nos dias 28 a 31 de Outubro de 2025 em Bonito, MS.<\/p>\n\n\n\n<p>A principal meta do WEAC \u00e9 prover um ambiente (f\u00f3rum) para professores, pesquisadores e estudantes trocarem, compartilharem e discutirem suas experi\u00eancias, novas ideias e resultados de pesquisa em todos os aspectos e t\u00f3picos relacionados com a educa\u00e7\u00e3o (aprendizado e ensino) em Arquitetura de Computadores, Computa\u00e7\u00e3o Paralela, Computa\u00e7\u00e3o de Alto Desempenho e Sistemas de Computa\u00e7\u00e3o.<\/p>\n\n\n\n<p>Os artigos podem abordar estudos de caso, relatos de experi\u00eancia, propostas de novas ideias, t\u00f3picos para discuss\u00e3o, ensaios para reflex\u00e3o, ou apresenta\u00e7\u00f5es de ferramentas. O programa do workshop ser\u00e1 composto de apresenta\u00e7\u00f5es de artigos, palestras e pain\u00e9is de discuss\u00e3o.<\/p>\n\n\n\n<h4 class=\"wp-block-heading\">T\u00f3picos de Interesse<\/h4>\n\n\n\n<p>Convidamos os colegas a submeter artigos em todos os aspectos e t\u00f3picos relacionados com a educa\u00e7\u00e3o (aprendizado e ensino) em Organiza\u00e7\u00e3o e Arquitetura de Computadores, Computa\u00e7\u00e3o Paralela, Computa\u00e7\u00e3o de Alto Desempenho e Sistemas de Computa\u00e7\u00e3o.<\/p>\n\n\n\n<p>Os t\u00f3picos de interesse incluem, de modo n\u00e3o limitado:<\/p>\n\n\n\n<ul class=\"wp-block-list\">\n<li>Avalia\u00e7\u00e3o do aprendizado<\/li>\n\n\n\n<li>Estudos de caso relacionados \u00e0 educa\u00e7\u00e3o<\/li>\n\n\n\n<li>Ferramentas de aux\u00edlio ao aprendizado e\/ou ao ensino<\/li>\n\n\n\n<li>Integra\u00e7\u00e3o de arquitetura de computadores e computa\u00e7\u00e3o paralela com as demais disciplinas dos cursos da \u00e1rea de computa\u00e7\u00e3o<\/li>\n\n\n\n<li>Integra\u00e7\u00e3o entre ensino, aprendizado e pesquisa<\/li>\n\n\n\n<li>Laborat\u00f3rios e atividades experimentais<\/li>\n\n\n\n<li>M\u00e9todos e t\u00e9cnicas de ensino, aprendizado e educa\u00e7\u00e3o<\/li>\n\n\n\n<li>M\u00e9tricas para avalia\u00e7\u00e3o do aprendizado<\/li>\n\n\n\n<li>Rela\u00e7\u00e3o entre a teoria e a pr\u00e1tica na educa\u00e7\u00e3o<\/li>\n\n\n\n<li>Ferramentas, t\u00e9cnicas e materiais para o ensino a dist\u00e2ncia<\/li>\n\n\n\n<li>Suporte de laborat\u00f3rio para o ensino a dist\u00e2ncia<\/li>\n\n\n\n<li>Desenvolvimento e avalia\u00e7\u00e3o cr\u00edtica de livros textos<\/li>\n\n\n\n<li>Avalia\u00e7\u00e3o de diferen\u00e7as regionais no ensino e aprendizagem<\/li>\n\n\n\n<li>Projetos e iniciativas para o incentivo e amplia\u00e7\u00e3o da participa\u00e7\u00e3o de alunos do ensino m\u00e9dio<\/li>\n\n\n\n<li>T\u00e9cnicas e recursos para o ensino e aprendizagem de tecnologias avan\u00e7adas como aceleradores gr\u00e1ficos e computacionais, arquiteturas multicore e many-core, entre outras<\/li>\n\n\n\n<li>T\u00e9cnicas e recursos para o ensino de aspectos arquiteturais espec\u00edficos para sistemas embarcados e internet das coisas<\/li>\n\n\n\n<li>T\u00e9cnicas e recursos para o ensino de computa\u00e7\u00e3o reconfigur\u00e1vel<\/li>\n<\/ul>\n\n\n\n<h4 class=\"wp-block-heading\">Submiss\u00f5es<\/h4>\n\n\n\n<p>Os autores interessados em apresentar seus trabalhos dever\u00e3o submet\u00ea-los para avalia\u00e7\u00e3o pelos membros do comit\u00ea de programa.  As submiss\u00f5es devem ser realizadas pelo sistema do <a href=\"https:\/\/journals-sol.sbc.org.br\/index.php\/ijcae\/about\/submissions\">IJCAE<\/a>. Escolher Section WEAC 2025. <\/p>\n\n\n\n<p>Os artigos submetidos devem ter um limite de 10 p\u00e1ginas redigidos em portugu\u00eas, ingl\u00eas ou espanhol seguindo o modelo IJCAE da SBC que est\u00e1 no link <a href=\"https:\/\/www.overleaf.com\/read\/fjwqqtypqmmg#99c53\">https:\/\/www.overleaf.com\/read\/fjwqqtypqmmg#99c53<\/a><\/p>\n\n\n\n<p>Haver\u00e1 premia\u00e7\u00e3o de melhor artigo de acordo com escolha do comit\u00ea de programa.<\/p>\n\n\n\n<h4 class=\"wp-block-heading\">Datas Importantes<\/h4>\n\n\n\n<ul class=\"wp-block-list\">\n<li><strong>Submiss\u00e3o de artigos<\/strong>: <s>05\/08<\/s> <mark style=\"background-color:rgba(0, 0, 0, 0)\" class=\"has-inline-color has-black-color\"><s>18\/08<\/s><\/mark> <mark style=\"background-color:rgba(0, 0, 0, 0)\" class=\"has-inline-color has-black-color\"><s>27\/08<\/s><\/mark> <mark style=\"background-color:rgba(0, 0, 0, 0)\" class=\"has-inline-color has-vivid-red-color\">08\/09 (hard-deadline)<\/mark><\/li>\n\n\n\n<li><strong>Notifica\u00e7\u00e3o aos autores<\/strong>: <s>19\/09<\/s> <mark style=\"background-color:rgba(0, 0, 0, 0)\" class=\"has-inline-color has-black-color\"><s>24\/09<\/s><\/mark> <mark style=\"background-color:rgba(0, 0, 0, 0)\" class=\"has-inline-color has-vivid-red-color\">30\/09<\/mark> <\/li>\n\n\n\n<li><strong>Submiss\u00e3o da vers\u00e3o final<\/strong>: <s>25\/09<\/s> <mark style=\"background-color:rgba(0, 0, 0, 0)\" class=\"has-inline-color has-black-color\"><s>15\/10<\/s><\/mark> <mark style=\"background-color:rgba(0, 0, 0, 0)\" class=\"has-inline-color has-vivid-red-color\">20\/10<\/mark><\/li>\n<\/ul>\n\n\n\n<h4 class=\"wp-block-heading\">Coordena\u00e7\u00e3o do WEAC<\/h4>\n\n\n\n<ul class=\"wp-block-list\">\n<li>Edna Barros &#8211; UFPE &#8211; ensb@cin.ufpe.br<\/li>\n\n\n\n<li>Mario Ant\u00f4nio Ribeiro Dantas &#8211; mario.dantas@ufjf.br<\/li>\n<\/ul>\n\n\n\n<hr class=\"wp-block-separator has-alpha-channel-opacity\"\/>\n\n\n\n<div class=\"wp-block-columns is-layout-flex wp-container-core-columns-is-layout-9d6595d7 wp-block-columns-is-layout-flex\">\n<div class=\"wp-block-column is-vertically-aligned-center is-layout-flow wp-block-column-is-layout-flow\">\n<h3 class=\"wp-block-heading has-text-align-center has-black-color has-text-color has-link-color wp-elements-152d382d0be4a7a434069af3a899364c\">Patrocinadores:<\/h3>\n\n\n\n<h4 class=\"wp-block-heading has-text-align-center has-black-color has-text-color has-link-color wp-elements-79880f1e14bf4264344e2eb53dda1cef\">Diamante:<\/h4>\n\n\n<div class=\"wp-block-image\">\n<figure class=\"aligncenter size-large is-resized\"><a href=\"https:\/\/aws.amazon.com\/\"><img fetchpriority=\"high\" decoding=\"async\" width=\"1024\" height=\"612\" src=\"https:\/\/sscad2025.ufms.br\/wp-content\/uploads\/2025\/05\/AWS_logo_RGB_BLK-1024x612.png\" alt=\"\" class=\"wp-image-337\" style=\"width:159px;height:auto\" srcset=\"https:\/\/sscad2025.ufms.br\/wp-content\/uploads\/2025\/05\/AWS_logo_RGB_BLK-1024x612.png 1024w, https:\/\/sscad2025.ufms.br\/wp-content\/uploads\/2025\/05\/AWS_logo_RGB_BLK-300x179.png 300w, https:\/\/sscad2025.ufms.br\/wp-content\/uploads\/2025\/05\/AWS_logo_RGB_BLK-768x459.png 768w, https:\/\/sscad2025.ufms.br\/wp-content\/uploads\/2025\/05\/AWS_logo_RGB_BLK-1536x918.png 1536w, https:\/\/sscad2025.ufms.br\/wp-content\/uploads\/2025\/05\/AWS_logo_RGB_BLK-2048x1224.png 2048w, https:\/\/sscad2025.ufms.br\/wp-content\/uploads\/2025\/05\/AWS_logo_RGB_BLK-1200x717.png 1200w\" sizes=\"(max-width: 1024px) 100vw, 1024px\" \/><\/a><\/figure>\n<\/div>\n\n\n<div class=\"wp-block-columns is-layout-flex wp-container-core-columns-is-layout-9d6595d7 wp-block-columns-is-layout-flex\">\n<div class=\"wp-block-column is-vertically-aligned-stretch is-layout-flow wp-block-column-is-layout-flow\"><div class=\"wp-block-image\">\n<figure class=\"aligncenter size-full\"><img decoding=\"async\" src=\"https:\/\/sbac-pad2025.ufms.br\/wp-content\/uploads\/2025\/10\/patrocinador_diamanteDellTechnologies_Nvidia-composto_cut.png\" alt=\"\" class=\"wp-image-861\"\/><\/figure>\n<\/div><\/div>\n<\/div>\n\n\n\n<hr class=\"wp-block-separator has-alpha-channel-opacity\"\/>\n\n\n\n<h4 class=\"wp-block-heading has-text-align-center has-black-color has-text-color has-link-color wp-elements-6faf45844d20f6e72f8f75e8534f241e\">Ouro:<\/h4>\n\n\n<div class=\"wp-block-image\">\n<figure class=\"aligncenter size-large is-resized\"><img decoding=\"async\" src=\"https:\/\/sbac-pad2025.ufms.br\/wp-content\/uploads\/2025\/10\/Logo-conjunto-NVIDIA-e-Versatus-colorido-1-1024x213.png\" alt=\"\" class=\"wp-image-742\" style=\"width:284px;height:auto\"\/><\/figure>\n<\/div>\n\n\n<hr class=\"wp-block-separator has-alpha-channel-opacity\"\/>\n\n\n\n<h4 class=\"wp-block-heading has-text-align-center has-black-color has-text-color has-link-color wp-elements-b9e04652cffca692d8b9678ae5f9428d\">Prata:<\/h4>\n\n\n\n<div class=\"wp-block-columns is-layout-flex wp-container-core-columns-is-layout-9d6595d7 wp-block-columns-is-layout-flex\">\n<div class=\"wp-block-column is-vertically-aligned-center is-layout-flow wp-block-column-is-layout-flow\"><div class=\"wp-block-image\">\n<figure class=\"aligncenter size-full is-resized\"><img decoding=\"async\" src=\"https:\/\/sbac-pad2025.ufms.br\/wp-content\/uploads\/2025\/10\/patrocinador_silver_scherm_cut.png\" alt=\"\" class=\"wp-image-858\" style=\"width:159px;height:auto\"\/><\/figure>\n<\/div><\/div>\n\n\n\n<div class=\"wp-block-column is-layout-flow wp-block-column-is-layout-flow\"><div class=\"wp-block-image\">\n<figure class=\"aligncenter size-full is-resized\"><img decoding=\"async\" src=\"https:\/\/sbac-pad2025.ufms.br\/wp-content\/uploads\/2025\/10\/patrocinador_prata_supermicro_cut.png\" alt=\"\" class=\"wp-image-859\" style=\"width:168px;height:auto\"\/><\/figure>\n<\/div><\/div>\n<\/div>\n\n\n<div class=\"wp-block-image\">\n<figure class=\"aligncenter size-full is-resized\"><img decoding=\"async\" src=\"https:\/\/sbac-pad2025.ufms.br\/wp-content\/uploads\/2025\/10\/kaiak-scaled.png\" alt=\"\" class=\"wp-image-856\" style=\"width:159px;height:auto\"\/><\/figure>\n<\/div>\n\n\n<hr class=\"wp-block-separator has-alpha-channel-opacity\"\/>\n\n\n\n<h3 class=\"wp-block-heading has-text-align-center has-black-color has-text-color has-link-color wp-elements-739d04852591a42b51453b1c62bd5bc8\">Parceiro:<\/h3>\n\n\n\n<div class=\"wp-block-columns are-vertically-aligned-center is-layout-flex wp-container-core-columns-is-layout-9d6595d7 wp-block-columns-is-layout-flex\">\n<div class=\"wp-block-column is-vertically-aligned-center is-layout-flow wp-block-column-is-layout-flow\"><div class=\"wp-block-image\">\n<figure class=\"aligncenter size-medium is-resized\"><img decoding=\"async\" src=\"https:\/\/sbac-pad2025.ufms.br\/wp-content\/uploads\/2025\/05\/H2O-300x300.png\" alt=\"\" class=\"wp-image-319\" style=\"object-fit:cover;width:104px;height:auto\"\/><\/figure>\n<\/div><\/div>\n<\/div>\n<\/div>\n\n\n\n<div class=\"wp-block-column is-vertically-aligned-top has-background is-layout-flow wp-block-column-is-layout-flow\" style=\"background-color:#f2f2f2\">\n<h3 class=\"wp-block-heading has-text-align-center has-black-color has-text-color has-link-color wp-elements-5dc98ebff3ce4de6dfc55803cb4c1339\">Organiza\u00e7\u00e3o:<\/h3>\n\n\n\n<div class=\"wp-block-columns is-layout-flex wp-container-core-columns-is-layout-9d6595d7 wp-block-columns-is-layout-flex\">\n<div class=\"wp-block-column is-layout-flow wp-block-column-is-layout-flow\"><div class=\"wp-block-image\">\n<figure class=\"aligncenter size-large is-resized\"><a href=\"https:\/\/www.ufms.br\"><img decoding=\"async\" width=\"783\" height=\"1024\" src=\"https:\/\/sscad2025.ufms.br\/wp-content\/uploads\/2025\/05\/sponsor_UFMS-1175x1536-1-783x1024.png\" alt=\"\" class=\"wp-image-335\" style=\"width:96px;height:auto\" srcset=\"https:\/\/sscad2025.ufms.br\/wp-content\/uploads\/2025\/05\/sponsor_UFMS-1175x1536-1-783x1024.png 783w, https:\/\/sscad2025.ufms.br\/wp-content\/uploads\/2025\/05\/sponsor_UFMS-1175x1536-1-229x300.png 229w, https:\/\/sscad2025.ufms.br\/wp-content\/uploads\/2025\/05\/sponsor_UFMS-1175x1536-1-768x1004.png 768w, https:\/\/sscad2025.ufms.br\/wp-content\/uploads\/2025\/05\/sponsor_UFMS-1175x1536-1.png 1175w\" sizes=\"(max-width: 783px) 100vw, 783px\" \/><\/a><\/figure>\n<\/div><\/div>\n\n\n\n<div class=\"wp-block-column is-layout-flow wp-block-column-is-layout-flow\"><div class=\"wp-block-image\">\n<figure class=\"aligncenter size-full is-resized\"><a href=\"https:\/\/www.unicamp.br\"><img decoding=\"async\" width=\"267\" height=\"300\" src=\"https:\/\/sscad2025.ufms.br\/wp-content\/uploads\/2025\/05\/sponsor_Unicamp.png\" alt=\"\" class=\"wp-image-336\" style=\"width:109px;height:auto\"\/><\/a><\/figure>\n<\/div><\/div>\n<\/div>\n\n\n\n<h3 class=\"wp-block-heading has-text-align-center has-black-color has-text-color has-link-color wp-elements-22ea08b78e56b9ffc4826c186ffe25e7\">Promo\u00e7\u00e3o:<\/h3>\n\n\n\n<div class=\"wp-block-columns is-layout-flex wp-container-core-columns-is-layout-9d6595d7 wp-block-columns-is-layout-flex\">\n<div class=\"wp-block-column is-layout-flow wp-block-column-is-layout-flow\"><div class=\"wp-block-image\">\n<figure class=\"aligncenter size-full is-resized\"><a href=\"https:\/\/www.sbc.org.br\"><img loading=\"lazy\" decoding=\"async\" width=\"147\" height=\"228\" src=\"https:\/\/sscad2025.ufms.br\/wp-content\/uploads\/2025\/05\/sbc_alt.png\" alt=\"\" class=\"wp-image-358\" style=\"width:105px;height:auto\"\/><\/a><\/figure>\n<\/div><\/div>\n\n\n\n<div class=\"wp-block-column is-vertically-aligned-center is-layout-flow wp-block-column-is-layout-flow\"><div class=\"wp-block-image\">\n<figure class=\"aligncenter size-large\"><a href=\"https:\/\/www.computer.org\"><img loading=\"lazy\" decoding=\"async\" width=\"1024\" height=\"313\" src=\"https:\/\/sscad2025.ufms.br\/wp-content\/uploads\/2025\/02\/sponsor_IEEE-1024x313.png\" alt=\"\" class=\"wp-image-102\" srcset=\"https:\/\/sscad2025.ufms.br\/wp-content\/uploads\/2025\/02\/sponsor_IEEE-1024x313.png 1024w, https:\/\/sscad2025.ufms.br\/wp-content\/uploads\/2025\/02\/sponsor_IEEE-300x92.png 300w, https:\/\/sscad2025.ufms.br\/wp-content\/uploads\/2025\/02\/sponsor_IEEE-768x235.png 768w, https:\/\/sscad2025.ufms.br\/wp-content\/uploads\/2025\/02\/sponsor_IEEE-1536x470.png 1536w, https:\/\/sscad2025.ufms.br\/wp-content\/uploads\/2025\/02\/sponsor_IEEE-2048x627.png 2048w\" sizes=\"(max-width: 1024px) 100vw, 1024px\" \/><\/a><\/figure>\n<\/div><\/div>\n<\/div>\n\n\n<div class=\"wp-block-image\">\n<figure class=\"aligncenter size-large is-resized\"><a href=\"https:\/\/www2.sbc.org.br\/ce-acpad\/\"><img decoding=\"async\" src=\"https:\/\/sbac-pad2025.ufms.br\/wp-content\/uploads\/2025\/08\/CEACPAD-LOGOTIPO-PRINCIPAL-01-1024x162.png\" alt=\"\" class=\"wp-image-451\" style=\"width:354px;height:auto\"\/><\/a><\/figure>\n<\/div>\n\n\n<h3 class=\"wp-block-heading has-text-align-center has-black-color has-text-color has-link-color wp-elements-15d349d2a3aa2b480b7c6487797bf9c1\">Financiamento:<\/h3>\n\n\n\n<div class=\"wp-block-columns is-layout-flex wp-container-core-columns-is-layout-9d6595d7 wp-block-columns-is-layout-flex\">\n<div class=\"wp-block-column is-vertically-aligned-center is-layout-flow wp-block-column-is-layout-flow\"><div class=\"wp-block-image\">\n<figure class=\"aligncenter size-full is-resized\"><img decoding=\"async\" src=\"https:\/\/sbac-pad2025.ufms.br\/wp-content\/uploads\/2025\/05\/sponsor_CNPq.png\" alt=\"\" class=\"wp-image-317\" style=\"width:191px;height:auto\"\/><\/figure>\n<\/div><\/div>\n\n\n\n<div class=\"wp-block-column is-vertically-aligned-center is-layout-flow wp-block-column-is-layout-flow\"><div class=\"wp-block-image\">\n<figure class=\"aligncenter size-full is-resized\"><img decoding=\"async\" src=\"https:\/\/sbac-pad2025.ufms.br\/wp-content\/uploads\/2025\/05\/sponsor_CAPES.png\" alt=\"\" class=\"wp-image-316\" style=\"width:170px;height:auto\"\/><\/figure>\n<\/div><\/div>\n<\/div>\n<\/div>\n<\/div>\n","protected":false},"excerpt":{"rendered":"<p>O Workshop sobre Educa\u00e7\u00e3o em Arquitetura de Computadores (WEAC) \u00e9 um evento anual, realizado desde 2006, que apresenta artigos t\u00e9cnico cient\u00edficos abordando os mais variados aspectos relacionados \u00e0 educa\u00e7\u00e3o em [&hellip;]<\/p>\n","protected":false},"author":1,"featured_media":0,"parent":0,"menu_order":0,"comment_status":"closed","ping_status":"closed","template":"","meta":{"_eb_attr":"","_starter_page_template":"","_wpcom_template_layout_category":[],"footnotes":""},"class_list":["post-427","page","type-page","status-publish","hentry"],"_links":{"self":[{"href":"https:\/\/sscad2025.ufms.br\/index.php?rest_route=\/wp\/v2\/pages\/427","targetHints":{"allow":["GET"]}}],"collection":[{"href":"https:\/\/sscad2025.ufms.br\/index.php?rest_route=\/wp\/v2\/pages"}],"about":[{"href":"https:\/\/sscad2025.ufms.br\/index.php?rest_route=\/wp\/v2\/types\/page"}],"author":[{"embeddable":true,"href":"https:\/\/sscad2025.ufms.br\/index.php?rest_route=\/wp\/v2\/users\/1"}],"replies":[{"embeddable":true,"href":"https:\/\/sscad2025.ufms.br\/index.php?rest_route=%2Fwp%2Fv2%2Fcomments&post=427"}],"version-history":[{"count":5,"href":"https:\/\/sscad2025.ufms.br\/index.php?rest_route=\/wp\/v2\/pages\/427\/revisions"}],"predecessor-version":[{"id":665,"href":"https:\/\/sscad2025.ufms.br\/index.php?rest_route=\/wp\/v2\/pages\/427\/revisions\/665"}],"wp:attachment":[{"href":"https:\/\/sscad2025.ufms.br\/index.php?rest_route=%2Fwp%2Fv2%2Fmedia&parent=427"}],"curies":[{"name":"wp","href":"https:\/\/api.w.org\/{rel}","templated":true}]}}